{"id":11402,"date":"2023-04-26T09:21:45","date_gmt":"2023-04-26T09:21:45","guid":{"rendered":"http:\/\/ifish.dk\/?page_id=11402"},"modified":"2024-09-22T09:24:45","modified_gmt":"2024-09-22T09:24:45","slug":"fiskegrej","status":"publish","type":"page","link":"https:\/\/ifish.dk\/index.php\/fiskegrej\/","title":{"rendered":"Grejhotel"},"content":{"rendered":"<p>[et_pb_section fb_built=&#8221;1&#8243; admin_label=&#8221;Call to Action&#8221; _builder_version=&#8221;4.18.0&#8243; _module_preset=&#8221;default&#8221; locked=&#8221;off&#8221; collapsed=&#8221;on&#8221; global_colors_info=&#8221;{}&#8221;][et_pb_row column_structure=&#8221;1_2,1_2&#8243; make_equal=&#8221;on&#8221; _builder_version=&#8221;4.20.4&#8243; _module_preset=&#8221;default&#8221; custom_padding=&#8221;40px|||||&#8221; global_colors_info=&#8221;{}&#8221;][et_pb_column type=&#8221;1_2&#8243; disabled_on=&#8221;off|off|off&#8221; _builder_version=&#8221;4.20.4&#8243; _module_preset=&#8221;default&#8221; background_image=&#8221;https:\/\/ifish.dk\/wp-content\/uploads\/2023\/03\/Martin-malle-1080&#215;1080-1.jpg&#8221; background_position=&#8221;top_left&#8221; background_horizontal_offset=&#8221;84%&#8221; background_vertical_offset=&#8221;0%&#8221; global_colors_info=&#8221;{}&#8221;][\/et_pb_column][et_pb_column type=&#8221;1_2&#8243; _builder_version=&#8221;4.20.4&#8243; _module_preset=&#8221;default&#8221; custom_padding=&#8221;3%||3%||true|false&#8221; border_color_all=&#8221;gcid-e010f2a6-5bcc-4cbf-902a-b2f60822625a&#8221; border_width_top=&#8221;2px&#8221; border_width_bottom=&#8221;2px&#8221; global_colors_info=&#8221;{%22gcid-e010f2a6-5bcc-4cbf-902a-b2f60822625a%22:%91%22border_color_all%22%93}&#8221;][et_pb_text _builder_version=&#8221;4.24.3&#8243; _module_preset=&#8221;b327cbe4-b1d5-4b66-ad37-40c8f2f061ba&#8221; text_font=&#8221;|||on|||||&#8221; text_text_color=&#8221;gcid-e010f2a6-5bcc-4cbf-902a-b2f60822625a&#8221; text_font_size=&#8221;40px&#8221; header_2_font=&#8221;Cinzel||||||||&#8221; header_2_text_color=&#8221;gcid-e010f2a6-5bcc-4cbf-902a-b2f60822625a&#8221; header_2_font_size=&#8221;52px&#8221; header_2_line_height=&#8221;1.2em&#8221; custom_margin=&#8221;||30px||false|false&#8221; header_2_font_size_tablet=&#8221;32px&#8221; header_2_font_size_phone=&#8221;20px&#8221; header_2_font_size_last_edited=&#8221;on|desktop&#8221; global_colors_info=&#8221;{%22gcid-e010f2a6-5bcc-4cbf-902a-b2f60822625a%22:%91%22header_2_text_color%22,%22text_text_color%22%93}&#8221;]<\/p>\n<p>FISKEGREJ<\/p>\n<p>[\/et_pb_text][et_pb_text _builder_version=&#8221;4.20.4&#8243; _module_preset=&#8221;1f09816e-184e-4ce5-a4cf-b39c52c423ca&#8221; text_font=&#8221;Poppins||||||||&#8221; text_font_size=&#8221;16px&#8221; text_line_height=&#8221;1.75em&#8221; custom_padding=&#8221;||0px|||&#8221; text_font_size_tablet=&#8221;15px&#8221; text_font_size_phone=&#8221;14px&#8221; text_font_size_last_edited=&#8221;on|phone&#8221; header_font_size_tablet=&#8221;55px&#8221; header_font_size_last_edited=&#8221;off|desktop&#8221; global_colors_info=&#8221;{}&#8221;]<\/p>\n<p style=\"text-align: justify;\">Ofte kan det v\u00e6re en bekostelig aff\u00e6re, at k\u00f8be grej n\u00e5r man skal til udlandet for at fiske. Hos iFish Travel har vi et &#8220;grejhotel&#8221;, hvor du som kunde kvit og frit bliver udstyret med fiskegrej til turen. Helt konkret betyder det, at du som kunde ikke skal bruge penge p\u00e5 hjul, st\u00e6nger,\u00a0 forfang og kroge, da alt dette er med i prisen &#8211; dog med undtagelse af maldiverne. Det betyder i praksis, at du ikke beh\u00f8ver t\u00e6nke p\u00e5 hvad du skal medbringe af fiskegrej. \u00d8nsker du at medbringe dit eget fiskegrej p\u00e5 rejsen, er vi altid klar med r\u00e5d og vejledning, s\u00e5 du er sikker p\u00e5 at komme afsted med den helt rigtige grejsammens\u00e6tning.<\/p>\n<p style=\"text-align: justify;\">Som en ekstra service har vi altid et lager af ekstra fiskegrej p\u00e5 alle vores destinationer. S\u00e5 kn\u00e6kker du en stang, eller g\u00e5r dit hjul i stykker, skal du ikke frygte for tabt fisketid. Du f\u00e5r blot udleveret noget nyt grej. Derudover er der altid ekstra grej med p\u00e5 alle b\u00e5dene.<\/p>\n<p style=\"text-align: justify;\">Typisk har en komplet grejpakke til eksempelvis fiskeri i Amazonas en v\u00e6rdi p\u00e5\u00a0 mere end 5.000,00 kroner.\u00a0\u00a0<\/p>\n<p style=\"text-align: justify;\">\n<p>[\/et_pb_text][\/et_pb_column][\/et_pb_row][\/et_pb_section][et_pb_section fb_built=&#8221;1&#8243; _builder_version=&#8221;4.20.0&#8243; _module_preset=&#8221;default&#8221; background_color=&#8221;#f4f4f4&#8243; global_colors_info=&#8221;{}&#8221;][et_pb_row column_structure=&#8221;1_3,1_3,1_3&#8243; _builder_version=&#8221;4.20.0&#8243; _module_preset=&#8221;default&#8221; global_colors_info=&#8221;{}&#8221;][et_pb_column type=&#8221;1_3&#8243; _builder_version=&#8221;4.20.0&#8243; _module_preset=&#8221;default&#8221; global_colors_info=&#8221;{}&#8221;][et_pb_text _builder_version=&#8221;4.20.0&#8243; _module_preset=&#8221;aaa7c440-590a-4078-ae0c-0f3c699ac51c&#8221; header_font=&#8221;||||||||&#8221; header_3_font=&#8221;Cinzel||||||||&#8221; header_3_font_size=&#8221;24px&#8221; header_3_line_height=&#8221;1.4em&#8221; custom_margin=&#8221;||10px||false|false&#8221; custom_padding=&#8221;3px|||||&#8221; header_3_font_size_tablet=&#8221;20px&#8221; header_3_font_size_phone=&#8221;16px&#8221; header_3_font_size_last_edited=&#8221;on|phone&#8221; global_colors_info=&#8221;{}&#8221;]<\/p>\n<h3>Grejaften<\/h3>\n<p>[\/et_pb_text][et_pb_text _builder_version=&#8221;4.20.4&#8243; _module_preset=&#8221;1f09816e-184e-4ce5-a4cf-b39c52c423ca&#8221; text_font=&#8221;Poppins||||||||&#8221; text_line_height=&#8221;1.75em&#8221; custom_padding=&#8221;||0px|||&#8221; text_font_size_tablet=&#8221;15px&#8221; text_font_size_phone=&#8221;14px&#8221; text_font_size_last_edited=&#8221;on|phone&#8221; header_font_size_tablet=&#8221;55px&#8221; header_font_size_last_edited=&#8221;off|desktop&#8221; global_colors_info=&#8221;{}&#8221;]<\/p>\n<p style=\"text-align: justify;\">Inden afrejse p\u00e5 vores grupperejser til Brasilien, holder vi en grejaften, hvor vi gennemg\u00e5r de forskellige typer af fiskegrej som bruges i Amazonas. Som kunde vil du p\u00e5 vores grejaften f\u00e5 mulighed for, at se og pr\u00f8ve det grej vi anbefaler til fiskeri i Amazonas. Det giver en rigtig god ide til hvor kraftigt grej der faktisk bruges til fiskeri efter flodernes store maller og arapaima.\u00a0<\/p>\n<p>[\/et_pb_text][\/et_pb_column][et_pb_column type=&#8221;1_3&#8243; _builder_version=&#8221;4.21.0&#8243; _module_preset=&#8221;default&#8221; global_colors_info=&#8221;{}&#8221;][et_pb_image src=&#8221;https:\/\/ifish.dk\/wp-content\/uploads\/2023\/04\/Piratfisk-med-stang-1920&#215;1080-1.jpg&#8221; title_text=&#8221;Piratfisk med stang 1920&#215;1080&#8243; _builder_version=&#8221;4.20.4&#8243; _module_preset=&#8221;default&#8221; global_colors_info=&#8221;{}&#8221;][\/et_pb_image][\/et_pb_column][et_pb_column type=&#8221;1_3&#8243; _builder_version=&#8221;4.21.0&#8243; _module_preset=&#8221;default&#8221; global_colors_info=&#8221;{}&#8221;][et_pb_text _builder_version=&#8221;4.20.4&#8243; _module_preset=&#8221;aaa7c440-590a-4078-ae0c-0f3c699ac51c&#8221; header_font=&#8221;||||||||&#8221; header_3_font=&#8221;Cinzel||||||||&#8221; header_3_font_size=&#8221;24px&#8221; header_3_line_height=&#8221;1.4em&#8221; custom_margin=&#8221;||10px||false|false&#8221; header_3_font_size_tablet=&#8221;20px&#8221; header_3_font_size_phone=&#8221;16px&#8221; header_3_font_size_last_edited=&#8221;on|phone&#8221; global_colors_info=&#8221;{}&#8221;]<\/p>\n<h3>Endegrej<\/h3>\n<p>[\/et_pb_text][et_pb_text _builder_version=&#8221;4.20.4&#8243; _module_preset=&#8221;1f09816e-184e-4ce5-a4cf-b39c52c423ca&#8221; text_font=&#8221;Poppins||||||||&#8221; text_line_height=&#8221;1.75em&#8221; text_font_size_tablet=&#8221;15px&#8221; text_font_size_phone=&#8221;14px&#8221; text_font_size_last_edited=&#8221;on|phone&#8221; header_font_size_tablet=&#8221;55px&#8221; header_font_size_last_edited=&#8221;off|desktop&#8221; global_colors_info=&#8221;{}&#8221;]<\/p>\n<p style=\"text-align: justify;\">Som en del af vores pakkerejser til Amazonas i Brasilien er der altid st\u00e5lforfang, kroge og bly med i rejsens pris. Det kalder vi for god service. P\u00e5 alle ture medbringer vi et stort udvalg af woblere som er tilpasset fiskeriet. En typisk grejkase med woblere har en v\u00e6rdi p\u00e5 1.000,00 kroner. Som kunde kan du gratis l\u00e5ne woblerne af os. Mistede woblere skal dog erstattes.\u00a0<\/p>\n<p>[\/et_pb_text][\/et_pb_column][\/et_pb_row][\/et_pb_section][et_pb_section fb_built=&#8221;1&#8243; make_equal=&#8221;on&#8221; use_custom_gutter=&#8221;on&#8221; gutter_width=&#8221;1&#8243; specialty=&#8221;on&#8221; bg_img_1=&#8221;https:\/\/ifish.dk\/wp-content\/uploads\/2023\/04\/TUe-malle-1920&#215;1080-2.jpg&#8221; background_size_1=&#8221;cover&#8221; background_position_1=&#8221;center&#8221; background_vertical_offset_1=&#8221;13%&#8221; padding_top_1=&#8221;30px&#8221; padding_right_1=&#8221;30px&#8221; padding_bottom_1=&#8221;30px&#8221; padding_left_1=&#8221;30px&#8221; padding_top_bottom_link_1=&#8221;true&#8221; padding_left_right_link_1=&#8221;true&#8221; custom_css_before_1=&#8221;content: &#8221;;||width: 100%;||height: 100%;||background: inherit;||top: 0;||left: 0;||position: absolute;||transition: transform 500ms ease 0ms;&#8221; custom_css_main_1=&#8221;overflow: hidden;&#8221; admin_label=&#8221;Woo Section 03&#8243; module_class=&#8221;dfw-section-3&#8243; _builder_version=&#8221;4.20.4&#8243; _module_preset=&#8221;default&#8221; inner_module_alignment=&#8221;center&#8221; global_colors_info=&#8221;{}&#8221; custom_css_before_1__hover_enabled=&#8221;on|hover&#8221; custom_css_before_1__hover=&#8221;content: &#8221;;||width: 100%;||height: 100%;||background: inherit;||top: 0;||left: 0;||position: absolute;||transform: scale(1.1);||transition: transform 500ms ease 0ms;&#8221;][et_pb_column type=&#8221;1_2&#8243; _builder_version=&#8221;4.16&#8243; custom_padding=&#8221;|||&#8221; global_colors_info=&#8221;{}&#8221; custom_padding__hover=&#8221;|||&#8221;][et_pb_text admin_label=&#8221;Sale is Live&#8221; _builder_version=&#8221;4.20.0&#8243; _module_preset=&#8221;default&#8221; header_2_font_size=&#8221;30px&#8221; header_3_text_color=&#8221;#000000&#8243; header_3_font_size=&#8221;24px&#8221; header_2_font_size_tablet=&#8221;26px&#8221; header_2_font_size_phone=&#8221;22px&#8221; header_2_font_size_last_edited=&#8221;on|desktop&#8221; header_3_font_size_tablet=&#8221;20px&#8221; header_3_font_size_phone=&#8221;16px&#8221; header_3_font_size_last_edited=&#8221;on|desktop&#8221; global_colors_info=&#8221;{}&#8221;][\/et_pb_text][\/et_pb_column][et_pb_column type=&#8221;1_2&#8243; specialty_columns=&#8221;2&#8243; _builder_version=&#8221;4.16&#8243; custom_padding=&#8221;|||&#8221; global_colors_info=&#8221;{}&#8221; custom_padding__hover=&#8221;|||&#8221;][et_pb_row_inner column_structure=&#8221;1_2,1_2&#8243; use_custom_gutter=&#8221;on&#8221; gutter_width=&#8221;1&#8243; make_equal=&#8221;on&#8221; _builder_version=&#8221;4.20.0&#8243; _module_preset=&#8221;default&#8221; min_height=&#8221;240px&#8221; custom_margin=&#8221;||20px||false|false&#8221; custom_margin_tablet=&#8221;20px||||false|false&#8221; custom_margin_phone=&#8221;20px||||false|false&#8221; custom_margin_last_edited=&#8221;on|tablet&#8221; custom_padding=&#8221;0px||0px||true|false&#8221; global_colors_info=&#8221;{}&#8221;][et_pb_column_inner type=&#8221;1_2&#8243; saved_specialty_column_type=&#8221;1_2&#8243; _builder_version=&#8221;4.17.0&#8243; _module_preset=&#8221;default&#8221; custom_padding=&#8221;20px|20px|20px|20px|true|true&#8221; custom_css_main_element=&#8221;margin-right: 10px !important;||display: flex;||align-items: center;||justify-content: center;&#8221; border_width_all=&#8221;1px&#8221; global_colors_info=&#8221;{}&#8221; custom_css_before__hover_enabled=&#8221;off|hover&#8221; custom_css_main_element_last_edited=&#8221;on|tablet&#8221; custom_css_main_element_tablet=&#8221;margin-right: 0 !important;||width: 100% !important;||min-height: 240px;||display: flex;||align-items: center;||justify-content: center;&#8221; custom_css_main_element_phone=&#8221;margin-right: 0 !important;||width: 100% !important;||min-height: 240px;||display: flex;||align-items: center;||justify-content: center;&#8221;][et_pb_text admin_label=&#8221;Summer Collection&#8221; _builder_version=&#8221;4.20.0&#8243; _module_preset=&#8221;default&#8221; header_2_font_size=&#8221;30px&#8221; header_3_font=&#8221;|||on|||||&#8221; header_3_text_color=&#8221;#aaaaaa&#8221; header_3_font_size=&#8221;16px&#8221; header_3_letter_spacing=&#8221;5px&#8221; text_orientation=&#8221;center&#8221; custom_margin_tablet=&#8221;||||false|false&#8221; custom_margin_last_edited=&#8221;off|tablet&#8221; custom_padding_last_edited=&#8221;off|tablet&#8221; header_2_font_size_tablet=&#8221;26px&#8221; header_2_font_size_phone=&#8221;22px&#8221; header_2_font_size_last_edited=&#8221;on|desktop&#8221; header_3_font_size_tablet=&#8221;14px&#8221; header_3_font_size_phone=&#8221;14px&#8221; header_3_font_size_last_edited=&#8221;on|desktop&#8221; locked=&#8221;off&#8221; global_colors_info=&#8221;{}&#8221;]<\/p>\n<h3>Ring og h\u00f8r mere<\/h3>\n<h2>+45 61 308 408<\/h2>\n<p>[\/et_pb_text][\/et_pb_column_inner][et_pb_column_inner type=&#8221;1_2&#8243; saved_specialty_column_type=&#8221;1_2&#8243; module_class=&#8221;dfw-3-section-blank-column&#8221; _builder_version=&#8221;4.20.0&#8243; _module_preset=&#8221;default&#8221; background_image=&#8221;https:\/\/ifish.dk\/wp-content\/uploads\/2023\/03\/Mathias-med-endnu-en-fisk-kopier-1320&#215;825.jpg&#8221; background_position=&#8221;center_left&#8221; custom_css_before=&#8221;content: &#8221;;||width: 100%;||height: 100%;||background: inherit;||top: 0;||left: 0;||position: absolute;||transition: transform 500ms ease 0ms;&#8221; custom_css_main_element=&#8221;overflow: hidden;||margin-left: 10px !important;&#8221; global_colors_info=&#8221;{}&#8221; custom_css_before__hover_enabled=&#8221;on|hover&#8221; custom_css_before__hover=&#8221;content: &#8221;;||width: 100%;||height: 100%;||background: inherit;||top: 0;||left: 0;||position: absolute;||transform: scale(1.1);||transition: transform 500ms ease 0ms;&#8221; custom_css_main_element_last_edited=&#8221;on|phone&#8221; custom_css_main_element_tablet=&#8221;margin-left: 0 !important;||width: 100% !important;||min-height: 240px !important;||margin-top: 20px !important;||overflow: hidden;&#8221; custom_css_main_element_phone=&#8221;margin-left: 0 !important;||width: 100% !important;||min-height: 240px !important;||margin-top: 20px !important;||overflow: hidden;&#8221;][et_pb_code _builder_version=&#8221;4.17.0&#8243; _module_preset=&#8221;default&#8221; global_colors_info=&#8221;{}&#8221;]<\/p>\n<style><!-- [et_pb_line_break_holder] -->@media screen and (min-width: 981px) {<!-- [et_pb_line_break_holder] -->.dfw-section-3 .et_pb_row .et_pb_column:nth-child(1) {<!-- [et_pb_line_break_holder] -->\tmargin-right: 10px;<!-- [et_pb_line_break_holder] -->}<!-- [et_pb_line_break_holder] -->  <!-- [et_pb_line_break_holder] -->.dfw-section-3 .et_pb_row .et_pb_column:nth-child(2) {<!-- [et_pb_line_break_holder] -->\tmargin-left: 10px;<!-- [et_pb_line_break_holder] -->}<!-- [et_pb_line_break_holder] -->}<!-- [et_pb_line_break_holder] -->  <!-- [et_pb_line_break_holder] -->@media screen and (max-width: 980px) {<!-- [et_pb_line_break_holder] -->.dfw-section-3 > .et_pb_row > .et_pb_column:nth-child(1) {<!-- [et_pb_line_break_holder] -->  min-height: 350px;<!-- [et_pb_line_break_holder] -->}<!-- [et_pb_line_break_holder] -->}<!-- [et_pb_line_break_holder] -->  <!-- [et_pb_line_break_holder] -->@media screen and (max-width: 479px) {<!-- [et_pb_line_break_holder] -->.dfw-section-3 .et_pb_gutters1.et_pb_row .dfw-3-section-blank-column {<!-- [et_pb_line_break_holder] -->  margin-top: 20px !important;<!-- [et_pb_line_break_holder] -->}<!-- [et_pb_line_break_holder] -->}<!-- [et_pb_line_break_holder] --><\/style>\n<p>[\/et_pb_code][\/et_pb_column_inner][\/et_pb_row_inner][et_pb_row_inner _builder_version=&#8221;4.20.0&#8243; _module_preset=&#8221;default&#8221; background_image=&#8221;https:\/\/ifish.dk\/wp-content\/uploads\/2023\/03\/Indsoe-Madeira1920x1080.jpg&#8221; min_height=&#8221;240px&#8221; custom_padding=&#8221;|30px||30px|false|true&#8221; custom_css_before=&#8221;content: &#8221;;||width: 100%;||height: 100%;||background: inherit;||top: 0;||left: 0;||position: absolute;||transition: transform 500ms ease 0ms;&#8221; custom_css_main_element=&#8221;overflow: hidden;&#8221; global_colors_info=&#8221;{}&#8221; custom_css_before__hover_enabled=&#8221;on|desktop&#8221; custom_css_before__hover=&#8221;content: &#8221;;||width: 100%;||height: 100%;||background: inherit;||top: 0;||left: 0;||position: absolute;||transform: scale(1.1);||transition: transform 500ms ease 0ms;&#8221;][et_pb_column_inner saved_specialty_column_type=&#8221;1_2&#8243; _builder_version=&#8221;4.17.0&#8243; _module_preset=&#8221;default&#8221; global_colors_info=&#8221;{}&#8221;][et_pb_text admin_label=&#8221;Amazing Deals&#8221; _builder_version=&#8221;4.20.0&#8243; _module_preset=&#8221;default&#8221; header_2_font=&#8221;||||||||&#8221; header_2_text_color=&#8221;#FFFFFF&#8221; header_2_font_size=&#8221;30px&#8221; header_3_text_color=&#8221;#FFFFFF&#8221; header_3_font_size=&#8221;26px&#8221; header_2_font_size_tablet=&#8221;26px&#8221; header_2_font_size_phone=&#8221;22px&#8221; header_2_font_size_last_edited=&#8221;on|desktop&#8221; header_3_font_size_tablet=&#8221;20px&#8221; header_3_font_size_phone=&#8221;16px&#8221; header_3_font_size_last_edited=&#8221;on|desktop&#8221; locked=&#8221;off&#8221; global_colors_info=&#8221;{}&#8221;][\/et_pb_text][\/et_pb_column_inner][\/et_pb_row_inner][\/et_pb_column][\/et_pb_section][et_pb_section fb_built=&#8221;1&#8243; _builder_version=&#8221;4.20.0&#8243; _module_preset=&#8221;default&#8221; background_color=&#8221;#f4f4f4&#8243; global_colors_info=&#8221;{}&#8221;][\/et_pb_section]<\/p>\n","protected":false},"excerpt":{"rendered":"<p>FISKEGREJOfte kan det v\u00e6re en bekostelig aff\u00e6re, at k\u00f8be grej n\u00e5r man skal til udlandet for at fiske. Hos iFish Travel har vi et &#8220;grejhotel&#8221;, hvor du som kunde kvit og frit bliver udstyret med fiskegrej til turen. Helt konkret betyder det, at du som kunde ikke skal bruge penge p\u00e5 hjul, st\u00e6nger,\u00a0 forfang og [&hellip;]<\/p>\n","protected":false},"author":1,"featured_media":0,"parent":0,"menu_order":0,"comment_status":"closed","ping_status":"closed","template":"","meta":{"_acf_changed":false,"_et_pb_use_builder":"on","_et_pb_old_content":"","_et_gb_content_width":"","footnotes":""},"class_list":["post-11402","page","type-page","status-publish","hentry"],"acf":[],"yoast_head":"<!-- This site is optimized with the Yoast SEO plugin v26.9 - https:\/\/yoast.com\/product\/yoast-seo-wordpress\/ -->\n<title>Grejhotel - Ifish Travel<\/title>\n<meta name=\"robots\" content=\"index, follow, max-snippet:-1, max-image-preview:large, max-video-preview:-1\" \/>\n<link rel=\"canonical\" href=\"https:\/\/ifish.dk\/index.php\/fiskegrej\/\" \/>\n<meta property=\"og:locale\" content=\"da_DK\" \/>\n<meta property=\"og:type\" content=\"article\" \/>\n<meta property=\"og:title\" content=\"Grejhotel - Ifish Travel\" \/>\n<meta property=\"og:description\" content=\"FISKEGREJOfte kan det v\u00e6re en bekostelig aff\u00e6re, at k\u00f8be grej n\u00e5r man skal til udlandet for at fiske. Hos iFish Travel har vi et &quot;grejhotel&quot;, hvor du som kunde kvit og frit bliver udstyret med fiskegrej til turen. Helt konkret betyder det, at du som kunde ikke skal bruge penge p\u00e5 hjul, st\u00e6nger,\u00a0 forfang og [&hellip;]\" \/>\n<meta property=\"og:url\" content=\"https:\/\/ifish.dk\/index.php\/fiskegrej\/\" \/>\n<meta property=\"og:site_name\" content=\"Ifish Travel\" \/>\n<meta property=\"article:publisher\" content=\"https:\/\/www.facebook.com\/ifishtravel\" \/>\n<meta property=\"article:modified_time\" content=\"2024-09-22T09:24:45+00:00\" \/>\n<meta property=\"og:image\" content=\"https:\/\/ifish.dk\/wp-content\/uploads\/2023\/06\/Logo-blue.png\" \/>\n\t<meta property=\"og:image:width\" content=\"4000\" \/>\n\t<meta property=\"og:image:height\" content=\"1145\" \/>\n\t<meta property=\"og:image:type\" content=\"image\/png\" \/>\n<meta name=\"twitter:card\" content=\"summary_large_image\" \/>\n<meta name=\"twitter:label1\" content=\"Estimeret l\u00e6setid\" \/>\n\t<meta name=\"twitter:data1\" content=\"2 minutter\" \/>\n<script type=\"application\/ld+json\" class=\"yoast-schema-graph\">{\"@context\":\"https:\/\/schema.org\",\"@graph\":[{\"@type\":\"WebPage\",\"@id\":\"https:\/\/ifish.dk\/index.php\/fiskegrej\/\",\"url\":\"https:\/\/ifish.dk\/index.php\/fiskegrej\/\",\"name\":\"Grejhotel - Ifish Travel\",\"isPartOf\":{\"@id\":\"https:\/\/ifish.dk\/#website\"},\"datePublished\":\"2023-04-26T09:21:45+00:00\",\"dateModified\":\"2024-09-22T09:24:45+00:00\",\"breadcrumb\":{\"@id\":\"https:\/\/ifish.dk\/index.php\/fiskegrej\/#breadcrumb\"},\"inLanguage\":\"da-DK\",\"potentialAction\":[{\"@type\":\"ReadAction\",\"target\":[\"https:\/\/ifish.dk\/index.php\/fiskegrej\/\"]}]},{\"@type\":\"BreadcrumbList\",\"@id\":\"https:\/\/ifish.dk\/index.php\/fiskegrej\/#breadcrumb\",\"itemListElement\":[{\"@type\":\"ListItem\",\"position\":1,\"name\":\"Hjem\",\"item\":\"https:\/\/ifish.dk\/\"},{\"@type\":\"ListItem\",\"position\":2,\"name\":\"Grejhotel\"}]},{\"@type\":\"WebSite\",\"@id\":\"https:\/\/ifish.dk\/#website\",\"url\":\"https:\/\/ifish.dk\/\",\"name\":\"ifish.dk\",\"description\":\"Eksklusive fiskerejser til Amazonas, Maldiverne, Sverige og Norge\",\"publisher\":{\"@id\":\"https:\/\/ifish.dk\/#organization\"},\"alternateName\":\"Ifish Travel\",\"potentialAction\":[{\"@type\":\"SearchAction\",\"target\":{\"@type\":\"EntryPoint\",\"urlTemplate\":\"https:\/\/ifish.dk\/?s={search_term_string}\"},\"query-input\":{\"@type\":\"PropertyValueSpecification\",\"valueRequired\":true,\"valueName\":\"search_term_string\"}}],\"inLanguage\":\"da-DK\"},{\"@type\":\"Organization\",\"@id\":\"https:\/\/ifish.dk\/#organization\",\"name\":\"Ifish Travel\",\"url\":\"https:\/\/ifish.dk\/\",\"logo\":{\"@type\":\"ImageObject\",\"inLanguage\":\"da-DK\",\"@id\":\"https:\/\/ifish.dk\/#\/schema\/logo\/image\/\",\"url\":\"https:\/\/ifish.dk\/wp-content\/uploads\/2023\/06\/Logo-blue.png\",\"contentUrl\":\"https:\/\/ifish.dk\/wp-content\/uploads\/2023\/06\/Logo-blue.png\",\"width\":4000,\"height\":1145,\"caption\":\"Ifish Travel\"},\"image\":{\"@id\":\"https:\/\/ifish.dk\/#\/schema\/logo\/image\/\"},\"sameAs\":[\"https:\/\/www.facebook.com\/ifishtravel\"]}]}<\/script>\n<!-- \/ Yoast SEO plugin. -->","yoast_head_json":{"title":"Grejhotel - Ifish Travel","robots":{"index":"index","follow":"follow","max-snippet":"max-snippet:-1","max-image-preview":"max-image-preview:large","max-video-preview":"max-video-preview:-1"},"canonical":"https:\/\/ifish.dk\/index.php\/fiskegrej\/","og_locale":"da_DK","og_type":"article","og_title":"Grejhotel - Ifish Travel","og_description":"FISKEGREJOfte kan det v\u00e6re en bekostelig aff\u00e6re, at k\u00f8be grej n\u00e5r man skal til udlandet for at fiske. Hos iFish Travel har vi et \"grejhotel\", hvor du som kunde kvit og frit bliver udstyret med fiskegrej til turen. Helt konkret betyder det, at du som kunde ikke skal bruge penge p\u00e5 hjul, st\u00e6nger,\u00a0 forfang og [&hellip;]","og_url":"https:\/\/ifish.dk\/index.php\/fiskegrej\/","og_site_name":"Ifish Travel","article_publisher":"https:\/\/www.facebook.com\/ifishtravel","article_modified_time":"2024-09-22T09:24:45+00:00","og_image":[{"width":4000,"height":1145,"url":"https:\/\/ifish.dk\/wp-content\/uploads\/2023\/06\/Logo-blue.png","type":"image\/png"}],"twitter_card":"summary_large_image","twitter_misc":{"Estimeret l\u00e6setid":"2 minutter"},"schema":{"@context":"https:\/\/schema.org","@graph":[{"@type":"WebPage","@id":"https:\/\/ifish.dk\/index.php\/fiskegrej\/","url":"https:\/\/ifish.dk\/index.php\/fiskegrej\/","name":"Grejhotel - Ifish Travel","isPartOf":{"@id":"https:\/\/ifish.dk\/#website"},"datePublished":"2023-04-26T09:21:45+00:00","dateModified":"2024-09-22T09:24:45+00:00","breadcrumb":{"@id":"https:\/\/ifish.dk\/index.php\/fiskegrej\/#breadcrumb"},"inLanguage":"da-DK","potentialAction":[{"@type":"ReadAction","target":["https:\/\/ifish.dk\/index.php\/fiskegrej\/"]}]},{"@type":"BreadcrumbList","@id":"https:\/\/ifish.dk\/index.php\/fiskegrej\/#breadcrumb","itemListElement":[{"@type":"ListItem","position":1,"name":"Hjem","item":"https:\/\/ifish.dk\/"},{"@type":"ListItem","position":2,"name":"Grejhotel"}]},{"@type":"WebSite","@id":"https:\/\/ifish.dk\/#website","url":"https:\/\/ifish.dk\/","name":"ifish.dk","description":"Eksklusive fiskerejser til Amazonas, Maldiverne, Sverige og Norge","publisher":{"@id":"https:\/\/ifish.dk\/#organization"},"alternateName":"Ifish Travel","potentialAction":[{"@type":"SearchAction","target":{"@type":"EntryPoint","urlTemplate":"https:\/\/ifish.dk\/?s={search_term_string}"},"query-input":{"@type":"PropertyValueSpecification","valueRequired":true,"valueName":"search_term_string"}}],"inLanguage":"da-DK"},{"@type":"Organization","@id":"https:\/\/ifish.dk\/#organization","name":"Ifish Travel","url":"https:\/\/ifish.dk\/","logo":{"@type":"ImageObject","inLanguage":"da-DK","@id":"https:\/\/ifish.dk\/#\/schema\/logo\/image\/","url":"https:\/\/ifish.dk\/wp-content\/uploads\/2023\/06\/Logo-blue.png","contentUrl":"https:\/\/ifish.dk\/wp-content\/uploads\/2023\/06\/Logo-blue.png","width":4000,"height":1145,"caption":"Ifish Travel"},"image":{"@id":"https:\/\/ifish.dk\/#\/schema\/logo\/image\/"},"sameAs":["https:\/\/www.facebook.com\/ifishtravel"]}]}},"jetpack_sharing_enabled":true,"_links":{"self":[{"href":"https:\/\/ifish.dk\/index.php\/wp-json\/wp\/v2\/pages\/11402","targetHints":{"allow":["GET"]}}],"collection":[{"href":"https:\/\/ifish.dk\/index.php\/wp-json\/wp\/v2\/pages"}],"about":[{"href":"https:\/\/ifish.dk\/index.php\/wp-json\/wp\/v2\/types\/page"}],"author":[{"embeddable":true,"href":"https:\/\/ifish.dk\/index.php\/wp-json\/wp\/v2\/users\/1"}],"replies":[{"embeddable":true,"href":"https:\/\/ifish.dk\/index.php\/wp-json\/wp\/v2\/comments?post=11402"}],"version-history":[{"count":14,"href":"https:\/\/ifish.dk\/index.php\/wp-json\/wp\/v2\/pages\/11402\/revisions"}],"predecessor-version":[{"id":28101,"href":"https:\/\/ifish.dk\/index.php\/wp-json\/wp\/v2\/pages\/11402\/revisions\/28101"}],"wp:attachment":[{"href":"https:\/\/ifish.dk\/index.php\/wp-json\/wp\/v2\/media?parent=11402"}],"curies":[{"name":"wp","href":"https:\/\/api.w.org\/{rel}","templated":true}]}}