{"id":26802,"date":"2024-02-16T12:06:48","date_gmt":"2024-02-16T12:06:48","guid":{"rendered":"https:\/\/ifish.dk\/dev?post_type=product&#038;p=26802"},"modified":"2025-10-20T16:00:29","modified_gmt":"2025-10-20T16:00:29","slug":"maldiverne","status":"publish","type":"product","link":"https:\/\/ifish.dk\/index.php\/vare\/maldiverne\/","title":{"rendered":"Maldiverne marts 2026"},"content":{"rendered":"<h4><strong>Inkluderet i prisen:<\/strong><\/h4>\n<ul>\n<li>Fly fra Danmark (K\u00f8benhavns lufthavn) til Mal\u00e9<\/li>\n<li>Al transfer p\u00e5 Maldiverne<\/li>\n<li>7 overnatninger i enkeltv\u00e6relse med eget bad og toilet.<\/li>\n<li>6 fulde fiskedage fra b\u00e5de (moderne centerkonsol b\u00e5de) med egen kaptajn<\/li>\n<li>Alle m\u00e5ltider tilberedt af privat kok<\/li>\n<li>Vand, the, kaffe og sodavand<\/li>\n<\/ul>\n<h4><strong>Program:<\/strong><\/h4>\n<p><strong>Dag 1:<\/strong><br \/>\nAfgang fra K\u00f8benhavns lufthavn<\/p>\n<p><strong>Dag 2:<\/strong><br \/>\nAnkomst Mal\u00e9 Lufthavn om. Transfer til Laamu Atol. Efter ankomst til Laamu er der tjekind p\u00e5 vores hotel. Efter alle er kommet p\u00e5 plads holder, holder vi et mindre m\u00f8de med vores chefkaptajn. Inden aftensmaden er der tid til lidt fiskeri p\u00e5 stranden.<\/p>\n<p><strong>Dag 3:<\/strong><br \/>\nFuld dags fiskeri fra b\u00e5d.<\/p>\n<p><strong>Dag 4:<\/strong><br \/>\nFuld dags fiskeri fra b\u00e5d.<\/p>\n<p><strong>Dag 5:<\/strong><br \/>\nFiskeri fra stranden rundt om \u00f8en.<\/p>\n<p><strong>Dag 6:<\/strong><br \/>\nFuld dags fiskeri fra b\u00e5d<\/p>\n<p><strong>Dag 7:<\/strong><br \/>\nFuld dags fiskeri fra b\u00e5d<\/p>\n<p><strong>Dag 8:<\/strong><\/p>\n<p>Fuld dags fiskeri fra b\u00e5d<\/p>\n<p><strong>Dag 9:<\/strong><br \/>\nTransfer til Mal\u00e9 og derefter g\u00e5r turen mod Danmark.<\/p>\n<p><strong>Dag 10:<\/strong><br \/>\nAnkomst til CPH<\/p>\n<h4><strong>Ikke inkluderet i prisen:<\/strong><\/h4>\n<ul>\n<li>Forplejning under ud -og hjemrejse<\/li>\n<li>Drikkepenge til guider (typisk 100 dollars)<\/li>\n<li>Rejse og afbestillingsforsikringer. Her henvises til vores salgs- og leveringsbetingelser<\/li>\n<li>Alt andet som ikke er n\u00e6vnt som inkluderet i rejsebeskrivelsen<\/li>\n<\/ul>\n","protected":false},"excerpt":{"rendered":"<p>P\u00e5 denne tur bliver du indkvarteret i eget v\u00e6relse p\u00e5 et mindre hotel, hvor hotellets kok s\u00f8rger for dig ved alle m\u00e5ltider, og lad os bare sige, at der ikke er sparet p\u00e5 noget. I prisen er vand, the, kaffe og sodavand inkluderet. Som n\u00e6vnt tidligere bor du p\u00e5 enkeltv\u00e6relse med eget bad og toilet. Maldiverne er et muslimsk land med forbud mod servering af alkohol. Det er derfor ikke muligt at f\u00e5 alkohol p\u00e5 turen.<\/p>\n<p>Fiskeriet er i topklasse. De omr\u00e5der vi bev\u00e6ger os i, er i den sydlige del af \u00f8gruppen, og fiskepresset er derfor utrolig lavt. Flere arter p\u00e5 din tr\u00e6skoliste kan derfor f\u00e5 et flueben her. Den mest eftertragtede fisk er selvf\u00f8lgelig GT&#8217;en &#8211; Giant Trevally -, og dem er der mange af &#8211; ogs\u00e5 i fornuftige st\u00f8rrelser. Under GT-fiskeriet er der mulighed for fangst af mange andre arter s\u00e5som grouper, snapper, tun, sejlfisk, wahoo, barracuda samt mange flere!<\/p>\n<p>B\u00e5dene vi fisker fra er super l\u00e6kre og moderne konsolb\u00e5de. Hver b\u00e5d har egen kaptajn som hj\u00e6lper med alt i forbindelse med fiskeriet. Der er snacks, vand og mad ombord til hele dagen, Du kommer ikke til at mangle noget!<\/p>\n","protected":false},"featured_media":28495,"template":"","meta":{"_acf_changed":false,"_et_pb_use_builder":"off","_et_pb_old_content":"<h4><strong>Inkluderet i prisen:<\/strong><\/h4>\r\n<ul>\r\n \t<li>Indenrigsflyvning fra Male til Kooddoo (Gafu Alifu)<\/li>\r\n \t<li>Al transfer<\/li>\r\n \t<li>7 overnatninger p\u00e5 Live-aboard i dobbeltkabiner med eget bad og toilet<\/li>\r\n \t<li>6 fulde fiskedage fra b\u00e5de (29' og 34' moderne centerkonsol b\u00e5de) med egen kaptajn og deckhand<\/li>\r\n \t<li>Alle m\u00e5ltider tilberedt af privat kok<\/li>\r\n \t<li>Vand, the og kaffe<\/li>\r\n<\/ul>\r\n<h4><strong>Program:<\/strong><\/h4>\r\n<strong>Dag 1<\/strong>\r\nAfgang fra Kastrup lufthavn. Skift i Doha\r\n\r\n<strong>Dag 2<\/strong>\r\nAnkomst til Male. Indenrigsflyvning til Gafu Alifu. Her bliver vi hentet af Crew og indlogeret p\u00e5 \"moderskibet\"\r\n\r\n<strong>Dag 3-8<\/strong>\r\n\r\nFiskeri fra Centerkosolb\u00e5de. Prim\u00e6rt Popping og jigging. Vi vil p\u00e5 turene ofte bes\u00f8ge lokale sm\u00e5 \u00f8er og spise vores frokost der.\r\n\r\n<strong>Dag 9<\/strong>\r\nRetur fra Gafu Alifu og Male mod CPH\r\n\r\n<strong>Dag 10<\/strong>\r\nAnkomst til Kastrup lufthavn.\r\n\r\nProgrammet for turen er vejledende og der kan forekomme \u00e6ndringer. Der vil dog ikke blive \u00e6ndret p\u00e5 at turen indeholder 6 hele fiskedag. Et komplet og mere detaljeret turprogram vil blive udsendt ca. 30 dage f\u00f8r afrejse.\r\n<h4><strong>Ikke inkluderet i prisen:<\/strong><\/h4>\r\n<ul>\r\n \t<li>Forplejning under ud -og hjemrejse<\/li>\r\n \t<li>Alokohol - kan k\u00f8bes p\u00e5 b\u00e5den<\/li>\r\n \t<li>Drikkepenge til guider (typisk 100 dollars)<\/li>\r\n \t<li>Rejse og afbestillingsforsikringer. Her henvises til vores salgs- og leveringsbetingelser<\/li>\r\n \t<li>Alt andet som ikke er n\u00e6vnt som inkluderet i rejsebeskrivelsen<\/li>\r\n \t<li>Flybilletter<\/li>\r\n<\/ul>","_et_gb_content_width":""},"product_brand":[],"product_cat":[15],"product_tag":[],"class_list":{"0":"post-26802","1":"product","2":"type-product","3":"status-publish","4":"has-post-thumbnail","6":"product_cat-ukategoriseret","8":"first","9":"instock","10":"sale","11":"purchasable","12":"product-type-simple"},"exclude_global_add_ons":[],"addons":[],"acf":[],"yoast_head":"<!-- This site is optimized with the Yoast SEO plugin v26.9 - https:\/\/yoast.com\/product\/yoast-seo-wordpress\/ -->\n<title>Maldiverne marts 2026 - Ifish Travel<\/title>\n<meta name=\"description\" content=\"Oplev Maldiverne n\u00e5r de er bedst. Med fisk som Giant Trevally, Tun og mange forskellige og farvestr\u00e5lende revfisk, er der oplevelser for alle!\" \/>\n<meta name=\"robots\" content=\"index, follow, max-snippet:-1, max-image-preview:large, max-video-preview:-1\" \/>\n<link rel=\"canonical\" href=\"https:\/\/ifish.dk\/index.php\/vare\/maldiverne\/\" \/>\n<meta property=\"og:locale\" content=\"da_DK\" \/>\n<meta property=\"og:type\" content=\"article\" \/>\n<meta property=\"og:title\" content=\"Maldiverne marts 2026 - Ifish Travel\" \/>\n<meta property=\"og:description\" content=\"Oplev Maldiverne n\u00e5r de er bedst. Med fisk som Giant Trevally, Tun og mange forskellige og farvestr\u00e5lende revfisk, er der oplevelser for alle!\" \/>\n<meta property=\"og:url\" content=\"https:\/\/ifish.dk\/index.php\/vare\/maldiverne\/\" \/>\n<meta property=\"og:site_name\" content=\"Ifish Travel\" \/>\n<meta property=\"article:publisher\" content=\"https:\/\/www.facebook.com\/ifishtravel\" \/>\n<meta property=\"article:modified_time\" content=\"2025-10-20T16:00:29+00:00\" \/>\n<meta property=\"og:image\" content=\"https:\/\/ifish.dk\/wp-content\/uploads\/2024\/02\/Martin-med-GTer.jpg\" \/>\n\t<meta property=\"og:image:width\" content=\"1600\" \/>\n\t<meta property=\"og:image:height\" content=\"1200\" \/>\n\t<meta property=\"og:image:type\" content=\"image\/jpeg\" \/>\n<meta name=\"twitter:card\" content=\"summary_large_image\" \/>\n<meta name=\"twitter:label1\" content=\"Estimeret l\u00e6setid\" \/>\n\t<meta name=\"twitter:data1\" content=\"2 minutter\" \/>\n<script type=\"application\/ld+json\" class=\"yoast-schema-graph\">{\"@context\":\"https:\/\/schema.org\",\"@graph\":[{\"@type\":\"WebPage\",\"@id\":\"https:\/\/ifish.dk\/index.php\/vare\/maldiverne\/\",\"url\":\"https:\/\/ifish.dk\/index.php\/vare\/maldiverne\/\",\"name\":\"Maldiverne marts 2026 - Ifish Travel\",\"isPartOf\":{\"@id\":\"https:\/\/ifish.dk\/#website\"},\"primaryImageOfPage\":{\"@id\":\"https:\/\/ifish.dk\/index.php\/vare\/maldiverne\/#primaryimage\"},\"image\":{\"@id\":\"https:\/\/ifish.dk\/index.php\/vare\/maldiverne\/#primaryimage\"},\"thumbnailUrl\":\"https:\/\/ifish.dk\/wp-content\/uploads\/2024\/02\/Martin-med-GTer.jpg\",\"datePublished\":\"2024-02-16T12:06:48+00:00\",\"dateModified\":\"2025-10-20T16:00:29+00:00\",\"description\":\"Oplev Maldiverne n\u00e5r de er bedst. Med fisk som Giant Trevally, Tun og mange forskellige og farvestr\u00e5lende revfisk, er der oplevelser for alle!\",\"breadcrumb\":{\"@id\":\"https:\/\/ifish.dk\/index.php\/vare\/maldiverne\/#breadcrumb\"},\"inLanguage\":\"da-DK\",\"potentialAction\":[{\"@type\":\"ReadAction\",\"target\":[\"https:\/\/ifish.dk\/index.php\/vare\/maldiverne\/\"]}]},{\"@type\":\"ImageObject\",\"inLanguage\":\"da-DK\",\"@id\":\"https:\/\/ifish.dk\/index.php\/vare\/maldiverne\/#primaryimage\",\"url\":\"https:\/\/ifish.dk\/wp-content\/uploads\/2024\/02\/Martin-med-GTer.jpg\",\"contentUrl\":\"https:\/\/ifish.dk\/wp-content\/uploads\/2024\/02\/Martin-med-GTer.jpg\",\"width\":1600,\"height\":1200},{\"@type\":\"BreadcrumbList\",\"@id\":\"https:\/\/ifish.dk\/index.php\/vare\/maldiverne\/#breadcrumb\",\"itemListElement\":[{\"@type\":\"ListItem\",\"position\":1,\"name\":\"Hjem\",\"item\":\"https:\/\/ifish.dk\/\"},{\"@type\":\"ListItem\",\"position\":2,\"name\":\"Shop\",\"item\":\"https:\/\/ifish.dk\/index.php\/shop\/\"},{\"@type\":\"ListItem\",\"position\":3,\"name\":\"Maldiverne marts 2026\"}]},{\"@type\":\"WebSite\",\"@id\":\"https:\/\/ifish.dk\/#website\",\"url\":\"https:\/\/ifish.dk\/\",\"name\":\"ifish.dk\",\"description\":\"Eksklusive fiskerejser til Amazonas, Maldiverne, Sverige og Norge\",\"publisher\":{\"@id\":\"https:\/\/ifish.dk\/#organization\"},\"alternateName\":\"Ifish Travel\",\"potentialAction\":[{\"@type\":\"SearchAction\",\"target\":{\"@type\":\"EntryPoint\",\"urlTemplate\":\"https:\/\/ifish.dk\/?s={search_term_string}\"},\"query-input\":{\"@type\":\"PropertyValueSpecification\",\"valueRequired\":true,\"valueName\":\"search_term_string\"}}],\"inLanguage\":\"da-DK\"},{\"@type\":\"Organization\",\"@id\":\"https:\/\/ifish.dk\/#organization\",\"name\":\"Ifish Travel\",\"url\":\"https:\/\/ifish.dk\/\",\"logo\":{\"@type\":\"ImageObject\",\"inLanguage\":\"da-DK\",\"@id\":\"https:\/\/ifish.dk\/#\/schema\/logo\/image\/\",\"url\":\"https:\/\/ifish.dk\/wp-content\/uploads\/2023\/06\/Logo-blue.png\",\"contentUrl\":\"https:\/\/ifish.dk\/wp-content\/uploads\/2023\/06\/Logo-blue.png\",\"width\":4000,\"height\":1145,\"caption\":\"Ifish Travel\"},\"image\":{\"@id\":\"https:\/\/ifish.dk\/#\/schema\/logo\/image\/\"},\"sameAs\":[\"https:\/\/www.facebook.com\/ifishtravel\"]}]}<\/script>\n<!-- \/ Yoast SEO plugin. -->","yoast_head_json":{"title":"Maldiverne marts 2026 - Ifish Travel","description":"Oplev Maldiverne n\u00e5r de er bedst. Med fisk som Giant Trevally, Tun og mange forskellige og farvestr\u00e5lende revfisk, er der oplevelser for alle!","robots":{"index":"index","follow":"follow","max-snippet":"max-snippet:-1","max-image-preview":"max-image-preview:large","max-video-preview":"max-video-preview:-1"},"canonical":"https:\/\/ifish.dk\/index.php\/vare\/maldiverne\/","og_locale":"da_DK","og_type":"article","og_title":"Maldiverne marts 2026 - Ifish Travel","og_description":"Oplev Maldiverne n\u00e5r de er bedst. Med fisk som Giant Trevally, Tun og mange forskellige og farvestr\u00e5lende revfisk, er der oplevelser for alle!","og_url":"https:\/\/ifish.dk\/index.php\/vare\/maldiverne\/","og_site_name":"Ifish Travel","article_publisher":"https:\/\/www.facebook.com\/ifishtravel","article_modified_time":"2025-10-20T16:00:29+00:00","og_image":[{"width":1600,"height":1200,"url":"https:\/\/ifish.dk\/wp-content\/uploads\/2024\/02\/Martin-med-GTer.jpg","type":"image\/jpeg"}],"twitter_card":"summary_large_image","twitter_misc":{"Estimeret l\u00e6setid":"2 minutter"},"schema":{"@context":"https:\/\/schema.org","@graph":[{"@type":"WebPage","@id":"https:\/\/ifish.dk\/index.php\/vare\/maldiverne\/","url":"https:\/\/ifish.dk\/index.php\/vare\/maldiverne\/","name":"Maldiverne marts 2026 - Ifish Travel","isPartOf":{"@id":"https:\/\/ifish.dk\/#website"},"primaryImageOfPage":{"@id":"https:\/\/ifish.dk\/index.php\/vare\/maldiverne\/#primaryimage"},"image":{"@id":"https:\/\/ifish.dk\/index.php\/vare\/maldiverne\/#primaryimage"},"thumbnailUrl":"https:\/\/ifish.dk\/wp-content\/uploads\/2024\/02\/Martin-med-GTer.jpg","datePublished":"2024-02-16T12:06:48+00:00","dateModified":"2025-10-20T16:00:29+00:00","description":"Oplev Maldiverne n\u00e5r de er bedst. Med fisk som Giant Trevally, Tun og mange forskellige og farvestr\u00e5lende revfisk, er der oplevelser for alle!","breadcrumb":{"@id":"https:\/\/ifish.dk\/index.php\/vare\/maldiverne\/#breadcrumb"},"inLanguage":"da-DK","potentialAction":[{"@type":"ReadAction","target":["https:\/\/ifish.dk\/index.php\/vare\/maldiverne\/"]}]},{"@type":"ImageObject","inLanguage":"da-DK","@id":"https:\/\/ifish.dk\/index.php\/vare\/maldiverne\/#primaryimage","url":"https:\/\/ifish.dk\/wp-content\/uploads\/2024\/02\/Martin-med-GTer.jpg","contentUrl":"https:\/\/ifish.dk\/wp-content\/uploads\/2024\/02\/Martin-med-GTer.jpg","width":1600,"height":1200},{"@type":"BreadcrumbList","@id":"https:\/\/ifish.dk\/index.php\/vare\/maldiverne\/#breadcrumb","itemListElement":[{"@type":"ListItem","position":1,"name":"Hjem","item":"https:\/\/ifish.dk\/"},{"@type":"ListItem","position":2,"name":"Shop","item":"https:\/\/ifish.dk\/index.php\/shop\/"},{"@type":"ListItem","position":3,"name":"Maldiverne marts 2026"}]},{"@type":"WebSite","@id":"https:\/\/ifish.dk\/#website","url":"https:\/\/ifish.dk\/","name":"ifish.dk","description":"Eksklusive fiskerejser til Amazonas, Maldiverne, Sverige og Norge","publisher":{"@id":"https:\/\/ifish.dk\/#organization"},"alternateName":"Ifish Travel","potentialAction":[{"@type":"SearchAction","target":{"@type":"EntryPoint","urlTemplate":"https:\/\/ifish.dk\/?s={search_term_string}"},"query-input":{"@type":"PropertyValueSpecification","valueRequired":true,"valueName":"search_term_string"}}],"inLanguage":"da-DK"},{"@type":"Organization","@id":"https:\/\/ifish.dk\/#organization","name":"Ifish Travel","url":"https:\/\/ifish.dk\/","logo":{"@type":"ImageObject","inLanguage":"da-DK","@id":"https:\/\/ifish.dk\/#\/schema\/logo\/image\/","url":"https:\/\/ifish.dk\/wp-content\/uploads\/2023\/06\/Logo-blue.png","contentUrl":"https:\/\/ifish.dk\/wp-content\/uploads\/2023\/06\/Logo-blue.png","width":4000,"height":1145,"caption":"Ifish Travel"},"image":{"@id":"https:\/\/ifish.dk\/#\/schema\/logo\/image\/"},"sameAs":["https:\/\/www.facebook.com\/ifishtravel"]}]}},"jetpack_sharing_enabled":true,"_links":{"self":[{"href":"https:\/\/ifish.dk\/index.php\/wp-json\/wp\/v2\/product\/26802","targetHints":{"allow":["GET"]}}],"collection":[{"href":"https:\/\/ifish.dk\/index.php\/wp-json\/wp\/v2\/product"}],"about":[{"href":"https:\/\/ifish.dk\/index.php\/wp-json\/wp\/v2\/types\/product"}],"wp:featuredmedia":[{"embeddable":true,"href":"https:\/\/ifish.dk\/index.php\/wp-json\/wp\/v2\/media\/28495"}],"wp:attachment":[{"href":"https:\/\/ifish.dk\/index.php\/wp-json\/wp\/v2\/media?parent=26802"}],"wp:term":[{"taxonomy":"product_brand","embeddable":true,"href":"https:\/\/ifish.dk\/index.php\/wp-json\/wp\/v2\/product_brand?post=26802"},{"taxonomy":"product_cat","embeddable":true,"href":"https:\/\/ifish.dk\/index.php\/wp-json\/wp\/v2\/product_cat?post=26802"},{"taxonomy":"product_tag","embeddable":true,"href":"https:\/\/ifish.dk\/index.php\/wp-json\/wp\/v2\/product_tag?post=26802"}],"curies":[{"name":"wp","href":"https:\/\/api.w.org\/{rel}","templated":true}]}}