{"id":28441,"date":"2025-07-31T19:50:44","date_gmt":"2025-07-31T19:50:44","guid":{"rendered":"https:\/\/ifish.dk\/?post_type=product&#038;p=28441"},"modified":"2026-02-25T10:59:42","modified_gmt":"2026-02-25T10:59:42","slug":"fiskerejse-amazonas","status":"publish","type":"product","link":"https:\/\/ifish.dk\/index.php\/vare\/fiskerejse-amazonas\/","title":{"rendered":"Fiskerejse til Amazonas &#8211; arapaima, maller og peacock bass fra d. 20. &#8211; 29. november 2026"},"content":{"rendered":"<h4><strong>Inkluderet i prisen:<\/strong><\/h4>\n<ul>\n<li>5 fiskedage fra b\u00e5d<\/li>\n<li>Turistdag i Porto Velho<\/li>\n<li>2 fiskere pr b\u00e5d med lokal guide<\/li>\n<li>Levende agn<\/li>\n<li>Hotel\/lodge fra ankomst i Porto Velho<\/li>\n<li>Delt dobbeltv\u00e6relse med aircondition og badev\u00e6relse<\/li>\n<li>Alle m\u00e5ltider fra ankomst til Porto Velho<\/li>\n<li>Alle drikkevarer undtagen h\u00e5rd alkohol<\/li>\n<li>Al transport fra ankomst til Porto Velho<\/li>\n<li>Dansk rejseleder<\/li>\n<li>Flybilletter tur\/retur fra K\u00f8benhavns lufthavn til Porto Velho<\/li>\n<\/ul>\n<h4><strong>Program:<\/strong><\/h4>\n<p><strong>Dag 1<\/strong> Afgang fra Kastrup lufthavn. Typisk tager flyveturen fra Kastrup til vi er fremme i Porto Velho mellem 22 og 32 timer. Der m\u00e5 forventes 2-3 mellemlandinger.<\/p>\n<p><strong>Dag 2<\/strong> Ankomst til Porto Velho i Brasilien. Efter ankomst bliver vi som gruppe fragtet til vores lodge\/hotel. Dette foreg\u00e5r enten i minibus eller SUV.<\/p>\n<p><strong>Dag 3-5<\/strong>\u00a0Hel fiskedag i Madeira eller Jaci. Der er morgenmad p\u00e5 hotellet fra 05:00 \u2013 05:30. Morgenmaden best\u00e5r af en buffet med et stort udvalg af helt frisklavet mad, som best\u00e5r af lokale retter. Kl. ca. 05:30 bliver vi k\u00f8rt til b\u00e5dene som ligger 5 minutter fra hotellet. fra 06:00 \u2013 18:00 fisker vi. Midt p\u00e5 dagen holder vi frokost p\u00e5 floden, hvor vi f\u00e5r grillet oksek\u00f8b med ris, salat og \u00e5rstidens tilbeh\u00f8r.<\/p>\n<p><strong>Dag 6<\/strong> Turistdag i Porto Velho. Vi skal b.la. se hvad man ved det store vandkr\u00e6ftv\u00e6rk som g\u00e5r tv\u00e6rs over Madeira har gjort for at sikre fiskenes fri vandring.<\/p>\n<p><strong>Dag 7-8<\/strong>\u00a0Vi skal fiske efter peacock bass. Det er her det &#8220;lette&#8221; grej skal st\u00e5 sin pr\u00f8ve. Sidst p\u00e5 dag 7 bliver vi k\u00f8rt til lufthavnen i Porto Velho hvor vi skal med fly mod Danmark.<\/p>\n<p><strong>Dag 9 <\/strong>\u00a0Ankomst til Kastrup lufthavn.<\/p>\n<p>Programmet for turen er vejledende og der kan forekomme \u00e6ndringer. Der vil dog ikke blive \u00e6ndret p\u00e5 at turen indeholder 5 hele fiskedag. Et komplet og mere detaljeret turprogram vil blive udsendt ca. 30 dage f\u00f8r afrejse.<\/p>\n<h4><strong>Ikke inkluderet i prisen:<\/strong><\/h4>\n<ul>\n<li>Forplejning under ud -og hjemrejse<\/li>\n<li>Drikkepenge til guider (typisk 100 dollars)<\/li>\n<li>Rejse og afbestillingsforsikringer. Her henvises til vores salgs- og leveringsbetingelser<\/li>\n<li>Alt andet som ikke er n\u00e6vnt som inkluderet i rejsebeskrivelsen<\/li>\n<\/ul>\n","protected":false},"excerpt":{"rendered":"<p>Kom med p\u00e5 dit livs fiskerejse efter peacock bass, den sagnomspundne arapaima, redtail catfish eller den enorme piraiba som kan n\u00e5 en kampv\u00e6gt p\u00e5 mere end 200 kilo. P\u00e5 denne tur har du mulighed for, at opleve alt fra tungt og passivt mallefiskeri til let og aktivt fiskeri. Uanset hvad kan du se frem til 5 fiskedage hvor der er garanti for action og tunge fights.<\/p>\n<p><strong>Madeira<\/strong> er med sine 3250 kilometer den st\u00f8rste biflod i hele Amazonas. Floden regnes faktisk som en af de st\u00f8rste i hele verden med en vandf\u00f8ring p\u00e5 imponerende 31.200 kubikmeter i sekundet. Til sammenligning har Guden\u00e5en en vandf\u00f8ring p\u00e5 32,4 kubikmeter pr sekund. Det er ikke uden grund, at Porto Velho som Madeira l\u00f8ber gennem i Brasilien bliver kaldt &#8220;lystfiskeriets hovedstad&#8221;, for med mere end 800 forskellige fiskearter er artsrigdommen i floden i sin helt egen liga. Maderia er verdenskendt for en stor bestand af arapaima, jau samt red tail catfish, hvilket ogs\u00e5 er de prim\u00e6re arter vi skal fiske efter i Madeira.<\/p>\n<p><strong>Jaci\u00a0<\/strong>er en mindre biflod til Madeira og hotellet vi bor p\u00e5 ligger n\u00e6rmest p\u00e5 breden af Jaci og Madeira s\u00e5 fra hotel til b\u00e5dene vi fisker fra, er der under fem minutter i bil. Hotellet\u00a0 er familiedrevet og hver morgen har vi adgang til en stor morgenbuffet hvor alt er hjemmelavet. Vi bor p\u00e5 delte dobbeltv\u00e6relser med aircondition. P\u00e5 hvert v\u00e6relse er der bad og toilet. I Jaci er der et godt fiskeri efter tigermaller, Arapaima, ferskvandsrokker og piratfisk. I den nedre del af Jaci er der rig mulighed for at se floddelfiner.<\/p>\n<p><strong>Samuel<\/strong>\u00a0er et menneskabt vandreservoir og en del af Jamari river. I Samuel sejler vi mellem 100.000 vis af oversv\u00f8mmede tr\u00e6er som udg\u00f8r de perfekte skjulesteder for den glubske Peacock bass. Vandet i Samuel er spritklart og synet af en stime Peacock bass som skyder frem fra sit skjul i jagten p\u00e5 ens wobler, er noget som virkelig kan f\u00e5 pulsen op. Udover at v\u00e6re lynhurtige er Peacock bass h\u00e5rdt fightende.<\/p>\n","protected":false},"featured_media":12085,"template":"","meta":{"_acf_changed":false,"_et_pb_use_builder":"off","_et_pb_old_content":"<h4><strong>Inkluderet i prisen:<\/strong><\/h4>\r\n<ul>\r\n \t<li>6 fiskedage (5 fra b\u00e5d)<\/li>\r\n \t<li>2 fiskere pr b\u00e5d med lokal guide<\/li>\r\n \t<li>Levende agn<\/li>\r\n \t<li>Hotel\/lodge fra ankomst i Porto Velho<\/li>\r\n \t<li>Delt dobbeltv\u00e6relse med aircondition og badev\u00e6relse<\/li>\r\n \t<li>Alle m\u00e5ltider fra ankomst til Porto Velho<\/li>\r\n \t<li>Alle drikkevarer undtagen h\u00e5rd alkohol<\/li>\r\n \t<li>Al transport fra ankomst til Porto Velho<\/li>\r\n \t<li>Dansk rejseleder<\/li>\r\n<\/ul>\r\n<h4><strong>Program:<\/strong><\/h4>\r\n<strong>Dag 1<\/strong>\r\nAfgang fra Kastrup lufthavn. Typisk tager flyveturen fra Kastrup til vi er fremme i Porto Velho mellem 22 og 32 timer. Der m\u00e5 forventes 2-3 mellemlandinger.\r\n\r\n<strong>Dag 2<\/strong>\r\nAnkomst til Porto Velho i Brasilien. Efter ankomst bliver vi som gruppe fragtet til den flydende lodge i Jaci. Dette foreg\u00e5r enten i minibus eller SUV.\r\n\r\n<strong>Dag 3<\/strong>\r\nDer vil v\u00e6re morgenmad fra kl. 09:00. Efter morgenmaden er det tid til at f\u00e5 fiskegrejet pakket ud og klargjort. Efter en god frokost er det tid til, at fiske fra land i omr\u00e5det.\r\n\r\n<strong>Dag 4-6<\/strong>\r\nHel fiskedag i Madeira eller Jaci. Der er morgenmad p\u00e5 hotellet fra 05:00 \u2013 05:30. Morgenmaden best\u00e5r af en buffet med et stort udvalg af helt frisklavet mad, som best\u00e5r af lokale retter. Kl. ca. 05:30 bliver vi k\u00f8rt til b\u00e5dene som ligger 5 minutter fra hotellet. fra 06:00 \u2013 18:00 fisker vi. Midt p\u00e5 dagen holder vi frokost p\u00e5 floden, hvor vi f\u00e5r grillet oksek\u00f8b med ris, salat og \u00e5rstidens tilbeh\u00f8r.\r\n\r\n<strong>Dag 7<\/strong>\r\nTransportdag. Vi bliver k\u00f8rt fra Jaci til Samuel, hvor vi de n\u00e6ste to dage skal fiske efter peacock bass. Efter ankomst til \"ranchen\" kan resten af dagen bruges i poolen eller p\u00e5 at fiske i nogle mindre s\u00f8er.\r\n\r\n<strong>Dag 8-9<\/strong>\r\nVi skal fiske efter peacock bass. Det er her det \"lette\" grej skal st\u00e5 sin pr\u00f8ve. Sidst p\u00e5 dag 8 bliver vi k\u00f8rt tilbage til Porto Velho, hvor vi bliver indkvarteret p\u00e5 et hotel.\r\n\r\n<strong>Dag 10<\/strong>\r\nSightseeing dag i Porto Velho og omegn med engelsktalende guide. Sidst p\u00e5 dagen bliver vi k\u00f8rt til lufthavnen og turen g\u00e5r mod Danmark.\r\n\r\n<strong>Dag 11-12<\/strong>\r\nAnkomst til Kastrup lufthavn.\r\n\r\nProgrammet for turen er vejledende og der kan forekomme \u00e6ndringer. Der vil dog ikke blive \u00e6ndret p\u00e5 at turen indeholder 5 hele fiskedag. Et komplet og mere detaljeret turprogram vil blive udsendt ca. 30 dage f\u00f8r afrejse.\r\n<h4><strong>Ikke inkluderet i prisen:<\/strong><\/h4>\r\n<ul>\r\n \t<li>Forplejning under ud -og hjemrejse<\/li>\r\n \t<li>Drikkepenge til guider (typisk 100 dollars)<\/li>\r\n \t<li>Rejse og afbestillingsforsikringer. Her henvises til vores salgs- og leveringsbetingelser<\/li>\r\n \t<li>Alt andet som ikke er n\u00e6vnt som inkluderet i rejsebeskrivelsen<\/li>\r\n \t<li>Flybilletter<\/li>\r\n<\/ul>","_et_gb_content_width":""},"product_brand":[],"product_cat":[64,54],"product_tag":[],"class_list":{"0":"post-28441","1":"product","2":"type-product","3":"status-publish","4":"has-post-thumbnail","6":"product_cat-amazonas","7":"product_cat-rejser","9":"first","10":"instock","11":"purchasable","12":"product-type-simple"},"exclude_global_add_ons":[],"addons":[],"acf":[],"yoast_head":"<!-- This site is optimized with the Yoast SEO plugin v26.9 - https:\/\/yoast.com\/product\/yoast-seo-wordpress\/ -->\n<title>Fiskerejse til Amazonas - arapaima, maller og peacock bass fra d. 20. - 29. november 2026 - Ifish Travel<\/title>\n<meta name=\"description\" content=\"All inclusive luksus fiskerejse til Amazonas. Oplev et vildt fiskeri efter arapaima, peacock bass, piratfisk og store maller.\" \/>\n<meta name=\"robots\" content=\"index, follow, max-snippet:-1, max-image-preview:large, max-video-preview:-1\" \/>\n<link rel=\"canonical\" href=\"https:\/\/ifish.dk\/index.php\/vare\/fiskerejse-amazonas\/\" \/>\n<meta property=\"og:locale\" content=\"da_DK\" \/>\n<meta property=\"og:type\" content=\"article\" \/>\n<meta property=\"og:title\" content=\"Fiskerejse til Amazonas - arapaima, maller og peacock bass fra d. 20. - 29. november 2026 - Ifish Travel\" \/>\n<meta property=\"og:description\" content=\"All inclusive luksus fiskerejse til Amazonas. Oplev et vildt fiskeri efter arapaima, peacock bass, piratfisk og store maller.\" \/>\n<meta property=\"og:url\" content=\"https:\/\/ifish.dk\/index.php\/vare\/fiskerejse-amazonas\/\" \/>\n<meta property=\"og:site_name\" content=\"Ifish Travel\" \/>\n<meta property=\"article:publisher\" content=\"https:\/\/www.facebook.com\/ifishtravel\" \/>\n<meta property=\"article:modified_time\" content=\"2026-02-25T10:59:42+00:00\" \/>\n<meta property=\"og:image\" content=\"https:\/\/ifish.dk\/wp-content\/uploads\/2023\/03\/Tue-Rokke-1920x1920-1.jpg\" \/>\n\t<meta property=\"og:image:width\" content=\"1920\" \/>\n\t<meta property=\"og:image:height\" content=\"1920\" \/>\n\t<meta property=\"og:image:type\" content=\"image\/jpeg\" \/>\n<meta name=\"twitter:card\" content=\"summary_large_image\" \/>\n<meta name=\"twitter:label1\" content=\"Estimeret l\u00e6setid\" \/>\n\t<meta name=\"twitter:data1\" content=\"3 minutter\" \/>\n<script type=\"application\/ld+json\" class=\"yoast-schema-graph\">{\"@context\":\"https:\/\/schema.org\",\"@graph\":[{\"@type\":\"WebPage\",\"@id\":\"https:\/\/ifish.dk\/index.php\/vare\/fiskerejse-amazonas\/\",\"url\":\"https:\/\/ifish.dk\/index.php\/vare\/fiskerejse-amazonas\/\",\"name\":\"Fiskerejse til Amazonas - arapaima, maller og peacock bass fra d. 20. - 29. november 2026 - Ifish Travel\",\"isPartOf\":{\"@id\":\"https:\/\/ifish.dk\/#website\"},\"primaryImageOfPage\":{\"@id\":\"https:\/\/ifish.dk\/index.php\/vare\/fiskerejse-amazonas\/#primaryimage\"},\"image\":{\"@id\":\"https:\/\/ifish.dk\/index.php\/vare\/fiskerejse-amazonas\/#primaryimage\"},\"thumbnailUrl\":\"https:\/\/ifish.dk\/wp-content\/uploads\/2023\/03\/Tue-Rokke-1920x1920-1.jpg\",\"datePublished\":\"2025-07-31T19:50:44+00:00\",\"dateModified\":\"2026-02-25T10:59:42+00:00\",\"description\":\"All inclusive luksus fiskerejse til Amazonas. Oplev et vildt fiskeri efter arapaima, peacock bass, piratfisk og store maller.\",\"breadcrumb\":{\"@id\":\"https:\/\/ifish.dk\/index.php\/vare\/fiskerejse-amazonas\/#breadcrumb\"},\"inLanguage\":\"da-DK\",\"potentialAction\":[{\"@type\":\"ReadAction\",\"target\":[\"https:\/\/ifish.dk\/index.php\/vare\/fiskerejse-amazonas\/\"]}]},{\"@type\":\"ImageObject\",\"inLanguage\":\"da-DK\",\"@id\":\"https:\/\/ifish.dk\/index.php\/vare\/fiskerejse-amazonas\/#primaryimage\",\"url\":\"https:\/\/ifish.dk\/wp-content\/uploads\/2023\/03\/Tue-Rokke-1920x1920-1.jpg\",\"contentUrl\":\"https:\/\/ifish.dk\/wp-content\/uploads\/2023\/03\/Tue-Rokke-1920x1920-1.jpg\",\"width\":1920,\"height\":1920,\"caption\":\"Rokke fanget i Amazonas\"},{\"@type\":\"BreadcrumbList\",\"@id\":\"https:\/\/ifish.dk\/index.php\/vare\/fiskerejse-amazonas\/#breadcrumb\",\"itemListElement\":[{\"@type\":\"ListItem\",\"position\":1,\"name\":\"Hjem\",\"item\":\"https:\/\/ifish.dk\/\"},{\"@type\":\"ListItem\",\"position\":2,\"name\":\"Shop\",\"item\":\"https:\/\/ifish.dk\/index.php\/shop\/\"},{\"@type\":\"ListItem\",\"position\":3,\"name\":\"Fiskerejse til Amazonas &#8211; arapaima, maller og peacock bass fra d. 20. &#8211; 29. november 2026\"}]},{\"@type\":\"WebSite\",\"@id\":\"https:\/\/ifish.dk\/#website\",\"url\":\"https:\/\/ifish.dk\/\",\"name\":\"ifish.dk\",\"description\":\"Eksklusive fiskerejser til Amazonas, Maldiverne, Sverige og Norge\",\"publisher\":{\"@id\":\"https:\/\/ifish.dk\/#organization\"},\"alternateName\":\"Ifish Travel\",\"potentialAction\":[{\"@type\":\"SearchAction\",\"target\":{\"@type\":\"EntryPoint\",\"urlTemplate\":\"https:\/\/ifish.dk\/?s={search_term_string}\"},\"query-input\":{\"@type\":\"PropertyValueSpecification\",\"valueRequired\":true,\"valueName\":\"search_term_string\"}}],\"inLanguage\":\"da-DK\"},{\"@type\":\"Organization\",\"@id\":\"https:\/\/ifish.dk\/#organization\",\"name\":\"Ifish Travel\",\"url\":\"https:\/\/ifish.dk\/\",\"logo\":{\"@type\":\"ImageObject\",\"inLanguage\":\"da-DK\",\"@id\":\"https:\/\/ifish.dk\/#\/schema\/logo\/image\/\",\"url\":\"https:\/\/ifish.dk\/wp-content\/uploads\/2023\/06\/Logo-blue.png\",\"contentUrl\":\"https:\/\/ifish.dk\/wp-content\/uploads\/2023\/06\/Logo-blue.png\",\"width\":4000,\"height\":1145,\"caption\":\"Ifish Travel\"},\"image\":{\"@id\":\"https:\/\/ifish.dk\/#\/schema\/logo\/image\/\"},\"sameAs\":[\"https:\/\/www.facebook.com\/ifishtravel\"]}]}<\/script>\n<!-- \/ Yoast SEO plugin. -->","yoast_head_json":{"title":"Fiskerejse til Amazonas - arapaima, maller og peacock bass fra d. 20. - 29. november 2026 - Ifish Travel","description":"All inclusive luksus fiskerejse til Amazonas. Oplev et vildt fiskeri efter arapaima, peacock bass, piratfisk og store maller.","robots":{"index":"index","follow":"follow","max-snippet":"max-snippet:-1","max-image-preview":"max-image-preview:large","max-video-preview":"max-video-preview:-1"},"canonical":"https:\/\/ifish.dk\/index.php\/vare\/fiskerejse-amazonas\/","og_locale":"da_DK","og_type":"article","og_title":"Fiskerejse til Amazonas - arapaima, maller og peacock bass fra d. 20. - 29. november 2026 - Ifish Travel","og_description":"All inclusive luksus fiskerejse til Amazonas. Oplev et vildt fiskeri efter arapaima, peacock bass, piratfisk og store maller.","og_url":"https:\/\/ifish.dk\/index.php\/vare\/fiskerejse-amazonas\/","og_site_name":"Ifish Travel","article_publisher":"https:\/\/www.facebook.com\/ifishtravel","article_modified_time":"2026-02-25T10:59:42+00:00","og_image":[{"width":1920,"height":1920,"url":"https:\/\/ifish.dk\/wp-content\/uploads\/2023\/03\/Tue-Rokke-1920x1920-1.jpg","type":"image\/jpeg"}],"twitter_card":"summary_large_image","twitter_misc":{"Estimeret l\u00e6setid":"3 minutter"},"schema":{"@context":"https:\/\/schema.org","@graph":[{"@type":"WebPage","@id":"https:\/\/ifish.dk\/index.php\/vare\/fiskerejse-amazonas\/","url":"https:\/\/ifish.dk\/index.php\/vare\/fiskerejse-amazonas\/","name":"Fiskerejse til Amazonas - arapaima, maller og peacock bass fra d. 20. - 29. november 2026 - Ifish Travel","isPartOf":{"@id":"https:\/\/ifish.dk\/#website"},"primaryImageOfPage":{"@id":"https:\/\/ifish.dk\/index.php\/vare\/fiskerejse-amazonas\/#primaryimage"},"image":{"@id":"https:\/\/ifish.dk\/index.php\/vare\/fiskerejse-amazonas\/#primaryimage"},"thumbnailUrl":"https:\/\/ifish.dk\/wp-content\/uploads\/2023\/03\/Tue-Rokke-1920x1920-1.jpg","datePublished":"2025-07-31T19:50:44+00:00","dateModified":"2026-02-25T10:59:42+00:00","description":"All inclusive luksus fiskerejse til Amazonas. Oplev et vildt fiskeri efter arapaima, peacock bass, piratfisk og store maller.","breadcrumb":{"@id":"https:\/\/ifish.dk\/index.php\/vare\/fiskerejse-amazonas\/#breadcrumb"},"inLanguage":"da-DK","potentialAction":[{"@type":"ReadAction","target":["https:\/\/ifish.dk\/index.php\/vare\/fiskerejse-amazonas\/"]}]},{"@type":"ImageObject","inLanguage":"da-DK","@id":"https:\/\/ifish.dk\/index.php\/vare\/fiskerejse-amazonas\/#primaryimage","url":"https:\/\/ifish.dk\/wp-content\/uploads\/2023\/03\/Tue-Rokke-1920x1920-1.jpg","contentUrl":"https:\/\/ifish.dk\/wp-content\/uploads\/2023\/03\/Tue-Rokke-1920x1920-1.jpg","width":1920,"height":1920,"caption":"Rokke fanget i Amazonas"},{"@type":"BreadcrumbList","@id":"https:\/\/ifish.dk\/index.php\/vare\/fiskerejse-amazonas\/#breadcrumb","itemListElement":[{"@type":"ListItem","position":1,"name":"Hjem","item":"https:\/\/ifish.dk\/"},{"@type":"ListItem","position":2,"name":"Shop","item":"https:\/\/ifish.dk\/index.php\/shop\/"},{"@type":"ListItem","position":3,"name":"Fiskerejse til Amazonas &#8211; arapaima, maller og peacock bass fra d. 20. &#8211; 29. november 2026"}]},{"@type":"WebSite","@id":"https:\/\/ifish.dk\/#website","url":"https:\/\/ifish.dk\/","name":"ifish.dk","description":"Eksklusive fiskerejser til Amazonas, Maldiverne, Sverige og Norge","publisher":{"@id":"https:\/\/ifish.dk\/#organization"},"alternateName":"Ifish Travel","potentialAction":[{"@type":"SearchAction","target":{"@type":"EntryPoint","urlTemplate":"https:\/\/ifish.dk\/?s={search_term_string}"},"query-input":{"@type":"PropertyValueSpecification","valueRequired":true,"valueName":"search_term_string"}}],"inLanguage":"da-DK"},{"@type":"Organization","@id":"https:\/\/ifish.dk\/#organization","name":"Ifish Travel","url":"https:\/\/ifish.dk\/","logo":{"@type":"ImageObject","inLanguage":"da-DK","@id":"https:\/\/ifish.dk\/#\/schema\/logo\/image\/","url":"https:\/\/ifish.dk\/wp-content\/uploads\/2023\/06\/Logo-blue.png","contentUrl":"https:\/\/ifish.dk\/wp-content\/uploads\/2023\/06\/Logo-blue.png","width":4000,"height":1145,"caption":"Ifish Travel"},"image":{"@id":"https:\/\/ifish.dk\/#\/schema\/logo\/image\/"},"sameAs":["https:\/\/www.facebook.com\/ifishtravel"]}]}},"jetpack_sharing_enabled":true,"_links":{"self":[{"href":"https:\/\/ifish.dk\/index.php\/wp-json\/wp\/v2\/product\/28441","targetHints":{"allow":["GET"]}}],"collection":[{"href":"https:\/\/ifish.dk\/index.php\/wp-json\/wp\/v2\/product"}],"about":[{"href":"https:\/\/ifish.dk\/index.php\/wp-json\/wp\/v2\/types\/product"}],"wp:featuredmedia":[{"embeddable":true,"href":"https:\/\/ifish.dk\/index.php\/wp-json\/wp\/v2\/media\/12085"}],"wp:attachment":[{"href":"https:\/\/ifish.dk\/index.php\/wp-json\/wp\/v2\/media?parent=28441"}],"wp:term":[{"taxonomy":"product_brand","embeddable":true,"href":"https:\/\/ifish.dk\/index.php\/wp-json\/wp\/v2\/product_brand?post=28441"},{"taxonomy":"product_cat","embeddable":true,"href":"https:\/\/ifish.dk\/index.php\/wp-json\/wp\/v2\/product_cat?post=28441"},{"taxonomy":"product_tag","embeddable":true,"href":"https:\/\/ifish.dk\/index.php\/wp-json\/wp\/v2\/product_tag?post=28441"}],"curies":[{"name":"wp","href":"https:\/\/api.w.org\/{rel}","templated":true}]}}