{"id":28456,"date":"2025-09-30T14:16:02","date_gmt":"2025-09-30T14:16:02","guid":{"rendered":"https:\/\/ifish.dk\/?post_type=product&#038;p=28456"},"modified":"2025-11-14T10:16:12","modified_gmt":"2025-11-14T10:16:12","slug":"havfiskeri-efter-torsk-helleflynder","status":"publish","type":"product","link":"https:\/\/ifish.dk\/index.php\/vare\/havfiskeri-efter-torsk-helleflynder\/","title":{"rendered":"Sm\u00f8la &#8211; havfiskeri efter torsk, sej, langer og helleflyndere fra d. 28. juni &#8211; 3. juli 2026"},"content":{"rendered":"<h4><strong>Inkluderet i prisen:<\/strong><\/h4>\n<ul>\n<li>5 overnatninger i hytte (delt dobbeltv\u00e6relse)<\/li>\n<li>4 hele fiskedage<\/li>\n<li>Leje af b\u00e5de<\/li>\n<li>Dagstur med kutteren &#8220;Freidig&#8221;<\/li>\n<li>Dansk turleder<\/li>\n<li>Transport tur\/retur fra Kvernberget<\/li>\n<\/ul>\n<h4><strong>Program:<\/strong><\/h4>\n<p><strong>Dag 1<\/strong><br \/>\nAfgang fra Kastrup lufthavn. Typisk tager flyveturen fra Kastrup til vi er fremme p\u00e5 Sm\u00f8la ca. 4-6 timer. Der m\u00e5 forventes 1 mellemlanding i Oslo.<\/p>\n<p><strong>Dag 2<\/strong><br \/>\nHel fiskedag i farvandet nord for Sm\u00f8la. Vi fisker prim\u00e6rt efter torsk, sej, langer og helleflyndere.<\/p>\n<p><strong>Dag 3<\/strong><br \/>\nHel fiskedag med \u201cFreidig\u201d hvor vi skal ud p\u00e5 flere sp\u00e6ndende fiskepladser som ikke kan n\u00e5s i fiskecentrets normale joller. Vi kommer til at fiske efter torsk, sej, langer og helleflyndere.<\/p>\n<p><strong>Dag 4<\/strong><br \/>\nHel fiskedag i farvandet nord for Sm\u00f8la. Vi fisker prim\u00e6rt efter torsk, sej, langer og helleflyndere.<\/p>\n<p><strong>Dag 5<\/strong><br \/>\nHel fiskedag i farvandet nord for Sm\u00f8la. Den sidste fiskedag bruger vi p\u00e5 at jage sp\u00e6ndende og anderledes arter, bl.a. pighaj og bl\u00e5stak.<\/p>\n<p><strong>Dag 6<\/strong><br \/>\nHjemrejsedag. Vi skal k\u00f8re fra Sm\u00f8la kl ca. 12:00. Forventet ankomsttid i Kastrup Lufthavn er kl.. 22:00.<\/p>\n<p>Programmet for turen er vejledende og der kan forekomme \u00e6ndringer. Der vil dog ikke blive \u00e6ndret p\u00e5 at turen indeholder 4 fiskedage. Et komplet og mere detaljeret turprogram vil blive udsendt ca. 30 dage f\u00f8r afrejse.<\/p>\n<h4><\/h4>\n<h4><strong>Ikke inkluderet i prisen:<\/strong><\/h4>\n<ul>\n<li>Forplejning under ud -og hjemrejse<\/li>\n<li>Forplejning under opholdet (ca. 500 kroner pr person)<\/li>\n<li>Rejse og afbestillingsforsikringer. Her henvises til vores salgs- og leveringsbetingelser<\/li>\n<li>Flybilletter<\/li>\n<li>Benzin til b\u00e5den (ca. 500 kroner pr person)<\/li>\n<li>Alt andet som ikke er n\u00e6vnt som inkluderet i rejsebeskrivelsen<\/li>\n<\/ul>\n","protected":false},"excerpt":{"rendered":"<p>Ved Sm\u00f8la har du mulighed for at fange en r\u00e6kke forskellige arter, herunder torsk, helleflynder, sej, lange, og endda rovfisk som laks og hav\u00f8rred, der kan vandre ind i fjorden. Sm\u00f8la ligger godt placeret i forhold til fiskeri. Den har b\u00e5de direkte adgang til Atlanterhavet, men ogs\u00e5 en l\u00e6kker sk\u00e6rg\u00e5rd, omkranset af ca. 5000 holme og sk\u00e6r, s\u00e5 der er altid rig mulighed for at finde l\u00e6 et sted.<\/p>\n<p>Havfiskecenteret har et stor udvalg af moderne og komfortable b\u00e5de udstyret med nyere motorer og navigationsudstyr, der sikrer, at du har alt, hvad du beh\u00f8ver for en vellykket tur. Efter en dag p\u00e5 vandet kan du vende tilbage til Sm\u00f8la Havfiskesenter, hvor man kan renses fisk og senere slappe af i faciliteterne p\u00e5 havfiskecenteret, der omfatter restaurant\/bar, sauna og andre rekreative muligheder.<\/p>\n<p>Indkvarteringen er i fiskehytter\/lejligheder med eget k\u00f8kken og bad. De sm\u00e5 lejligheder tager op til 4 personer, hvor den st\u00f8rste tager op til 9 personer. Sm\u00f8la Havfiskesenter er godkendt af den Norske f\u00f8devarestyrelse, s\u00e5 det er muligt hjemtage op til 15 kg fisk per mand.<\/p>\n<p>P\u00e5 turen fisker vi fra 20 fods joller med ekkolod og kortplotter. Som udgangspunkt er der 3 fiskere og en guide i hver b\u00e5d. \u00d8nsker i at v\u00e6re f\u00e6rre i b\u00e5dene er det som oftest muligt mod merbetaling (ca. 650 kroner pr dag pr b\u00e5d). De f\u00f8rste fiskepladser ligger ikke mere end 10 minutters sejlads fra fiskecentret og de fleste andre pladser kan n\u00e5s p\u00e5 mindre end 30 minutters sejlads.<\/p>\n<p>Som oftest ligger &#8220;kutterturen&#8221; p\u00e5 fiskerejsens andendag. Vi skal sejle med Freidig som er fiskecentrets egen turb\u00e5d. Turb\u00e5den bliver sejlet af Magne, som er ejer af fiskecentret. Der er ingen tvivl om, at Magne kender sine fiskepladser og ved hvor fiskene skal findes under alle forhold. Det er ogs\u00e5 p\u00e5 denne tur at vi, hvis vejret tillader det kommer langt til havs.<\/p>\n<p>I prisen er der inkluderet 3 flamingokasser til fisk pr. mand. P\u00e5 fiskecentret er der en stor &#8220;walk in&#8221; fryser til fisk. Da fiskecentret er godkendt af de norske myndigheder, er det muligt for hver person, at tage 18,5 kilo fisk med hjem. Det koster ca. 670 kroner af f\u00e5 sine fisk med hjem i flyet.<\/p>\n","protected":false},"featured_media":28513,"template":"","meta":{"_acf_changed":false,"_et_pb_use_builder":"off","_et_pb_old_content":"<h4><strong>Inkluderet i prisen:<\/strong><\/h4>\r\n<ul>\r\n \t<li>Indenrigsflyvning fra Male til Kooddoo (Gafu Alifu)<\/li>\r\n \t<li>Al transfer<\/li>\r\n \t<li>7 overnatninger p\u00e5 Live-aboard i dobbeltkabiner med eget bad og toilet<\/li>\r\n \t<li>6 fulde fiskedage fra b\u00e5de (29' og 34' moderne centerkonsol b\u00e5de) med egen kaptajn og deckhand<\/li>\r\n \t<li>Alle m\u00e5ltider tilberedt af privat kok<\/li>\r\n \t<li>Vand, the og kaffe<\/li>\r\n<\/ul>\r\n<h4><strong>Program:<\/strong><\/h4>\r\n<strong>Dag 1<\/strong>\r\nAfgang fra Kastrup lufthavn. Skift i Doha\r\n\r\n<strong>Dag 2<\/strong>\r\nAnkomst til Male. Indenrigsflyvning til Gafu Alifu. Her bliver vi hentet af Crew og indlogeret p\u00e5 \"moderskibet\"\r\n\r\n<strong>Dag 3-8<\/strong>\r\n\r\nFiskeri fra Centerkosolb\u00e5de. Prim\u00e6rt Popping og jigging. Vi vil p\u00e5 turene ofte bes\u00f8ge lokale sm\u00e5 \u00f8er og spise vores frokost der.\r\n\r\n<strong>Dag 9<\/strong>\r\nRetur fra Gafu Alifu og Male mod CPH\r\n\r\n<strong>Dag 10<\/strong>\r\nAnkomst til Kastrup lufthavn.\r\n\r\nProgrammet for turen er vejledende og der kan forekomme \u00e6ndringer. Der vil dog ikke blive \u00e6ndret p\u00e5 at turen indeholder 6 hele fiskedag. Et komplet og mere detaljeret turprogram vil blive udsendt ca. 30 dage f\u00f8r afrejse.\r\n<h4><strong>Ikke inkluderet i prisen:<\/strong><\/h4>\r\n<ul>\r\n \t<li>Forplejning under ud -og hjemrejse<\/li>\r\n \t<li>Alokohol - kan k\u00f8bes p\u00e5 b\u00e5den<\/li>\r\n \t<li>Drikkepenge til guider (typisk 100 dollars)<\/li>\r\n \t<li>Rejse og afbestillingsforsikringer. Her henvises til vores salgs- og leveringsbetingelser<\/li>\r\n \t<li>Alt andet som ikke er n\u00e6vnt som inkluderet i rejsebeskrivelsen<\/li>\r\n \t<li>Flybilletter<\/li>\r\n<\/ul>","_et_gb_content_width":""},"product_brand":[],"product_cat":[63],"product_tag":[],"class_list":{"0":"post-28456","1":"product","2":"type-product","3":"status-publish","4":"has-post-thumbnail","6":"product_cat-norge","8":"first","9":"outofstock","10":"sale","11":"purchasable","12":"product-type-simple"},"exclude_global_add_ons":true,"addons":[{"name":"Flybilletter","type":"multiple_choice","position":0,"required":true,"title_format":"label","default":"","description_enable":true,"description":"Ifish travel s\u00e6lger flybilletter p\u00e5 flyselskabets vegne og er derfor ikke din aftalepart, men kun formidler af billetterne. Det er flyselskabet der, er din aftalepart og det er flyselskabet der levere flyrejsen. Flyselskabet er ansvarlig for aftalens opfyldelse.","placeholder_enable":false,"placeholder":"","display":"radiobutton","restrictions_type":"any_text","adjust_price":false,"price":"","price_type":"flat_fee","restrictions":false,"min":"0","max":"0","options":[{"label":"Jeg bestiller selv min flybillet","price":"","price_type":"flat_fee","image":0,"visibility":true},{"label":"I skal bestille min flybillet","price":"2500","price_type":"quantity_based","image":0,"visibility":true}],"id":1727010914}],"acf":[],"yoast_head":"<!-- This site is optimized with the Yoast SEO plugin v26.9 - https:\/\/yoast.com\/product\/yoast-seo-wordpress\/ -->\n<title>Sm\u00f8la - havfiskeri efter torsk, sej, langer og helleflyndere fra d. 28. juni - 3. juli 2026 - Ifish Travel<\/title>\n<meta name=\"description\" content=\"Tag p\u00e5 en fiskerejse til Norge efter torsk, sej, langer og helleflyndere. Udover et fantastisk fiskeri, kan du opleve hvaler, hav\u00f8rne og sp\u00e6khuggere t\u00e6t p\u00e5.\" \/>\n<meta name=\"robots\" content=\"index, follow, max-snippet:-1, max-image-preview:large, max-video-preview:-1\" \/>\n<link rel=\"canonical\" href=\"https:\/\/ifish.dk\/index.php\/vare\/havfiskeri-efter-torsk-helleflynder\/\" \/>\n<meta property=\"og:locale\" content=\"da_DK\" \/>\n<meta property=\"og:type\" content=\"article\" \/>\n<meta property=\"og:title\" content=\"Sm\u00f8la - havfiskeri efter torsk, sej, langer og helleflyndere fra d. 28. juni - 3. juli 2026 - Ifish Travel\" \/>\n<meta property=\"og:description\" content=\"Tag p\u00e5 en fiskerejse til Norge efter torsk, sej, langer og helleflyndere. Udover et fantastisk fiskeri, kan du opleve hvaler, hav\u00f8rne og sp\u00e6khuggere t\u00e6t p\u00e5.\" \/>\n<meta property=\"og:url\" content=\"https:\/\/ifish.dk\/index.php\/vare\/havfiskeri-efter-torsk-helleflynder\/\" \/>\n<meta property=\"og:site_name\" content=\"Ifish Travel\" \/>\n<meta property=\"article:publisher\" content=\"https:\/\/www.facebook.com\/ifishtravel\" \/>\n<meta property=\"article:modified_time\" content=\"2025-11-14T10:16:12+00:00\" \/>\n<meta property=\"og:image\" content=\"https:\/\/ifish.dk\/wp-content\/uploads\/2025\/09\/Helleflynder-udsolgt.jpg\" \/>\n\t<meta property=\"og:image:width\" content=\"1920\" \/>\n\t<meta property=\"og:image:height\" content=\"1920\" \/>\n\t<meta property=\"og:image:type\" content=\"image\/jpeg\" \/>\n<meta name=\"twitter:card\" content=\"summary_large_image\" \/>\n<meta name=\"twitter:label1\" content=\"Estimeret l\u00e6setid\" \/>\n\t<meta name=\"twitter:data1\" content=\"2 minutter\" \/>\n<script type=\"application\/ld+json\" class=\"yoast-schema-graph\">{\"@context\":\"https:\/\/schema.org\",\"@graph\":[{\"@type\":\"WebPage\",\"@id\":\"https:\/\/ifish.dk\/index.php\/vare\/havfiskeri-efter-torsk-helleflynder\/\",\"url\":\"https:\/\/ifish.dk\/index.php\/vare\/havfiskeri-efter-torsk-helleflynder\/\",\"name\":\"Sm\u00f8la - havfiskeri efter torsk, sej, langer og helleflyndere fra d. 28. juni - 3. juli 2026 - Ifish Travel\",\"isPartOf\":{\"@id\":\"https:\/\/ifish.dk\/#website\"},\"primaryImageOfPage\":{\"@id\":\"https:\/\/ifish.dk\/index.php\/vare\/havfiskeri-efter-torsk-helleflynder\/#primaryimage\"},\"image\":{\"@id\":\"https:\/\/ifish.dk\/index.php\/vare\/havfiskeri-efter-torsk-helleflynder\/#primaryimage\"},\"thumbnailUrl\":\"https:\/\/ifish.dk\/wp-content\/uploads\/2025\/09\/Helleflynder-udsolgt.jpg\",\"datePublished\":\"2025-09-30T14:16:02+00:00\",\"dateModified\":\"2025-11-14T10:16:12+00:00\",\"description\":\"Tag p\u00e5 en fiskerejse til Norge efter torsk, sej, langer og helleflyndere. Udover et fantastisk fiskeri, kan du opleve hvaler, hav\u00f8rne og sp\u00e6khuggere t\u00e6t p\u00e5.\",\"breadcrumb\":{\"@id\":\"https:\/\/ifish.dk\/index.php\/vare\/havfiskeri-efter-torsk-helleflynder\/#breadcrumb\"},\"inLanguage\":\"da-DK\",\"potentialAction\":[{\"@type\":\"ReadAction\",\"target\":[\"https:\/\/ifish.dk\/index.php\/vare\/havfiskeri-efter-torsk-helleflynder\/\"]}]},{\"@type\":\"ImageObject\",\"inLanguage\":\"da-DK\",\"@id\":\"https:\/\/ifish.dk\/index.php\/vare\/havfiskeri-efter-torsk-helleflynder\/#primaryimage\",\"url\":\"https:\/\/ifish.dk\/wp-content\/uploads\/2025\/09\/Helleflynder-udsolgt.jpg\",\"contentUrl\":\"https:\/\/ifish.dk\/wp-content\/uploads\/2025\/09\/Helleflynder-udsolgt.jpg\",\"width\":1920,\"height\":1920},{\"@type\":\"BreadcrumbList\",\"@id\":\"https:\/\/ifish.dk\/index.php\/vare\/havfiskeri-efter-torsk-helleflynder\/#breadcrumb\",\"itemListElement\":[{\"@type\":\"ListItem\",\"position\":1,\"name\":\"Hjem\",\"item\":\"https:\/\/ifish.dk\/\"},{\"@type\":\"ListItem\",\"position\":2,\"name\":\"Shop\",\"item\":\"https:\/\/ifish.dk\/index.php\/shop\/\"},{\"@type\":\"ListItem\",\"position\":3,\"name\":\"Sm\u00f8la &#8211; havfiskeri efter torsk, sej, langer og helleflyndere fra d. 28. juni &#8211; 3. juli 2026\"}]},{\"@type\":\"WebSite\",\"@id\":\"https:\/\/ifish.dk\/#website\",\"url\":\"https:\/\/ifish.dk\/\",\"name\":\"ifish.dk\",\"description\":\"Eksklusive fiskerejser til Amazonas, Maldiverne, Sverige og Norge\",\"publisher\":{\"@id\":\"https:\/\/ifish.dk\/#organization\"},\"alternateName\":\"Ifish Travel\",\"potentialAction\":[{\"@type\":\"SearchAction\",\"target\":{\"@type\":\"EntryPoint\",\"urlTemplate\":\"https:\/\/ifish.dk\/?s={search_term_string}\"},\"query-input\":{\"@type\":\"PropertyValueSpecification\",\"valueRequired\":true,\"valueName\":\"search_term_string\"}}],\"inLanguage\":\"da-DK\"},{\"@type\":\"Organization\",\"@id\":\"https:\/\/ifish.dk\/#organization\",\"name\":\"Ifish Travel\",\"url\":\"https:\/\/ifish.dk\/\",\"logo\":{\"@type\":\"ImageObject\",\"inLanguage\":\"da-DK\",\"@id\":\"https:\/\/ifish.dk\/#\/schema\/logo\/image\/\",\"url\":\"https:\/\/ifish.dk\/wp-content\/uploads\/2023\/06\/Logo-blue.png\",\"contentUrl\":\"https:\/\/ifish.dk\/wp-content\/uploads\/2023\/06\/Logo-blue.png\",\"width\":4000,\"height\":1145,\"caption\":\"Ifish Travel\"},\"image\":{\"@id\":\"https:\/\/ifish.dk\/#\/schema\/logo\/image\/\"},\"sameAs\":[\"https:\/\/www.facebook.com\/ifishtravel\"]}]}<\/script>\n<!-- \/ Yoast SEO plugin. -->","yoast_head_json":{"title":"Sm\u00f8la - havfiskeri efter torsk, sej, langer og helleflyndere fra d. 28. juni - 3. juli 2026 - Ifish Travel","description":"Tag p\u00e5 en fiskerejse til Norge efter torsk, sej, langer og helleflyndere. Udover et fantastisk fiskeri, kan du opleve hvaler, hav\u00f8rne og sp\u00e6khuggere t\u00e6t p\u00e5.","robots":{"index":"index","follow":"follow","max-snippet":"max-snippet:-1","max-image-preview":"max-image-preview:large","max-video-preview":"max-video-preview:-1"},"canonical":"https:\/\/ifish.dk\/index.php\/vare\/havfiskeri-efter-torsk-helleflynder\/","og_locale":"da_DK","og_type":"article","og_title":"Sm\u00f8la - havfiskeri efter torsk, sej, langer og helleflyndere fra d. 28. juni - 3. juli 2026 - Ifish Travel","og_description":"Tag p\u00e5 en fiskerejse til Norge efter torsk, sej, langer og helleflyndere. Udover et fantastisk fiskeri, kan du opleve hvaler, hav\u00f8rne og sp\u00e6khuggere t\u00e6t p\u00e5.","og_url":"https:\/\/ifish.dk\/index.php\/vare\/havfiskeri-efter-torsk-helleflynder\/","og_site_name":"Ifish Travel","article_publisher":"https:\/\/www.facebook.com\/ifishtravel","article_modified_time":"2025-11-14T10:16:12+00:00","og_image":[{"width":1920,"height":1920,"url":"https:\/\/ifish.dk\/wp-content\/uploads\/2025\/09\/Helleflynder-udsolgt.jpg","type":"image\/jpeg"}],"twitter_card":"summary_large_image","twitter_misc":{"Estimeret l\u00e6setid":"2 minutter"},"schema":{"@context":"https:\/\/schema.org","@graph":[{"@type":"WebPage","@id":"https:\/\/ifish.dk\/index.php\/vare\/havfiskeri-efter-torsk-helleflynder\/","url":"https:\/\/ifish.dk\/index.php\/vare\/havfiskeri-efter-torsk-helleflynder\/","name":"Sm\u00f8la - havfiskeri efter torsk, sej, langer og helleflyndere fra d. 28. juni - 3. juli 2026 - Ifish Travel","isPartOf":{"@id":"https:\/\/ifish.dk\/#website"},"primaryImageOfPage":{"@id":"https:\/\/ifish.dk\/index.php\/vare\/havfiskeri-efter-torsk-helleflynder\/#primaryimage"},"image":{"@id":"https:\/\/ifish.dk\/index.php\/vare\/havfiskeri-efter-torsk-helleflynder\/#primaryimage"},"thumbnailUrl":"https:\/\/ifish.dk\/wp-content\/uploads\/2025\/09\/Helleflynder-udsolgt.jpg","datePublished":"2025-09-30T14:16:02+00:00","dateModified":"2025-11-14T10:16:12+00:00","description":"Tag p\u00e5 en fiskerejse til Norge efter torsk, sej, langer og helleflyndere. Udover et fantastisk fiskeri, kan du opleve hvaler, hav\u00f8rne og sp\u00e6khuggere t\u00e6t p\u00e5.","breadcrumb":{"@id":"https:\/\/ifish.dk\/index.php\/vare\/havfiskeri-efter-torsk-helleflynder\/#breadcrumb"},"inLanguage":"da-DK","potentialAction":[{"@type":"ReadAction","target":["https:\/\/ifish.dk\/index.php\/vare\/havfiskeri-efter-torsk-helleflynder\/"]}]},{"@type":"ImageObject","inLanguage":"da-DK","@id":"https:\/\/ifish.dk\/index.php\/vare\/havfiskeri-efter-torsk-helleflynder\/#primaryimage","url":"https:\/\/ifish.dk\/wp-content\/uploads\/2025\/09\/Helleflynder-udsolgt.jpg","contentUrl":"https:\/\/ifish.dk\/wp-content\/uploads\/2025\/09\/Helleflynder-udsolgt.jpg","width":1920,"height":1920},{"@type":"BreadcrumbList","@id":"https:\/\/ifish.dk\/index.php\/vare\/havfiskeri-efter-torsk-helleflynder\/#breadcrumb","itemListElement":[{"@type":"ListItem","position":1,"name":"Hjem","item":"https:\/\/ifish.dk\/"},{"@type":"ListItem","position":2,"name":"Shop","item":"https:\/\/ifish.dk\/index.php\/shop\/"},{"@type":"ListItem","position":3,"name":"Sm\u00f8la &#8211; havfiskeri efter torsk, sej, langer og helleflyndere fra d. 28. juni &#8211; 3. juli 2026"}]},{"@type":"WebSite","@id":"https:\/\/ifish.dk\/#website","url":"https:\/\/ifish.dk\/","name":"ifish.dk","description":"Eksklusive fiskerejser til Amazonas, Maldiverne, Sverige og Norge","publisher":{"@id":"https:\/\/ifish.dk\/#organization"},"alternateName":"Ifish Travel","potentialAction":[{"@type":"SearchAction","target":{"@type":"EntryPoint","urlTemplate":"https:\/\/ifish.dk\/?s={search_term_string}"},"query-input":{"@type":"PropertyValueSpecification","valueRequired":true,"valueName":"search_term_string"}}],"inLanguage":"da-DK"},{"@type":"Organization","@id":"https:\/\/ifish.dk\/#organization","name":"Ifish Travel","url":"https:\/\/ifish.dk\/","logo":{"@type":"ImageObject","inLanguage":"da-DK","@id":"https:\/\/ifish.dk\/#\/schema\/logo\/image\/","url":"https:\/\/ifish.dk\/wp-content\/uploads\/2023\/06\/Logo-blue.png","contentUrl":"https:\/\/ifish.dk\/wp-content\/uploads\/2023\/06\/Logo-blue.png","width":4000,"height":1145,"caption":"Ifish Travel"},"image":{"@id":"https:\/\/ifish.dk\/#\/schema\/logo\/image\/"},"sameAs":["https:\/\/www.facebook.com\/ifishtravel"]}]}},"jetpack_sharing_enabled":true,"_links":{"self":[{"href":"https:\/\/ifish.dk\/index.php\/wp-json\/wp\/v2\/product\/28456","targetHints":{"allow":["GET"]}}],"collection":[{"href":"https:\/\/ifish.dk\/index.php\/wp-json\/wp\/v2\/product"}],"about":[{"href":"https:\/\/ifish.dk\/index.php\/wp-json\/wp\/v2\/types\/product"}],"wp:featuredmedia":[{"embeddable":true,"href":"https:\/\/ifish.dk\/index.php\/wp-json\/wp\/v2\/media\/28513"}],"wp:attachment":[{"href":"https:\/\/ifish.dk\/index.php\/wp-json\/wp\/v2\/media?parent=28456"}],"wp:term":[{"taxonomy":"product_brand","embeddable":true,"href":"https:\/\/ifish.dk\/index.php\/wp-json\/wp\/v2\/product_brand?post=28456"},{"taxonomy":"product_cat","embeddable":true,"href":"https:\/\/ifish.dk\/index.php\/wp-json\/wp\/v2\/product_cat?post=28456"},{"taxonomy":"product_tag","embeddable":true,"href":"https:\/\/ifish.dk\/index.php\/wp-json\/wp\/v2\/product_tag?post=28456"}],"curies":[{"name":"wp","href":"https:\/\/api.w.org\/{rel}","templated":true}]}}